{"id":1397,"date":"2020-12-03T15:48:12","date_gmt":"2020-12-03T15:48:12","guid":{"rendered":"http:\/\/www.frima.cat\/frima\/?page_id=1397"},"modified":"2020-12-10T11:38:54","modified_gmt":"2020-12-10T11:38:54","slug":"politica-de-cookies","status":"publish","type":"page","link":"https:\/\/www.frima.cat\/frima\/politica-de-cookies\/","title":{"rendered":"Pol\u00edtica de cookies"},"content":{"rendered":"<h1><span style=\"color: #1f3e7c;\">Pol\u00edtica de cookies<\/span><\/h1>\n<hr \/>\n<h1>\u00a0<\/h1>\n<p><span style=\"color: #1f3e7c;\">Seg\u00fan lo dispuesto en el art\u00edculo 22.2 de la Ley 34\/2002, de 11 de julio, de Servicios de la Sociedad de la Informaci\u00f3n y de Comercio Electr\u00f3nico (LSSI-CE).<\/span><\/p>\n<h5><span style=\"color: #1f3e7c;\">\u00bfQu\u00e9 son las cookies y para qu\u00e9 se utilizan?<\/span><\/h5>\n<p><span style=\"color: #1f3e7c;\">Las cookies son ficheros de texto que se descargan en el dispositivo al acceder a un sitio web, sirven para almacenar y recuperar informaci\u00f3n sobre los h\u00e1bitos de navegaci\u00f3n de un usuario o de su equipo. Dependiendo de la informaci\u00f3n que contenga y de la forma en que utilice su equipo, pueden utilizarse para reconocer al usuario.<\/span><\/p>\n<p><span style=\"color: #1f3e7c;\">Las cookies son esenciales para el funcionamiento de internet, aportando innumerables ventajas en la prestaci\u00f3n de servicios interactivos, facilit\u00e1ndole la navegaci\u00f3n y usabilidad de www.frima.cat.<\/span><\/p>\n<h5><span style=\"color: #1f3e7c;\">Tipos de cookies<\/span><\/h5>\n<p><span style=\"color: #1f3e7c;\">A continuaci\u00f3n, se realiza una clasificaci\u00f3n de las cookies en funci\u00f3n de una serie de categor\u00edas. No obstante es necesario tener en cuenta que una misma cookie puede estar incluida en m\u00e1s de una categor\u00eda.<\/span><\/p>\n<h5><span style=\"color: #1f3e7c;\">Seg\u00fan la entidad que las gestiona<\/span><\/h5>\n<ul>\n<li><span style=\"color: #1f3e7c;\"><b>Cookies propias:<\/b>\u00a0Son aquellas que se env\u00edan al equipo terminal del usuario desde un equipo o dominio gestionado por el propio editor y desde el que se presta el servicio solicitado por el usuario.\n<p><\/span><\/li>\n<li><span style=\"color: #1f3e7c;\"><b>Cookies de terceros:<\/b>\u00a0Son aquellas que se env\u00edan al equipo terminal del usuario desde un equipo o dominio que no es gestionado por el editor, sino por otra entidad que trata los datos obtenidos trav\u00e9s de las cookies.<\/span><\/li>\n<\/ul>\n<p><span style=\"color: #1f3e7c;\">En el caso de que las cookies sean instaladas desde un equipo o dominio gestionado por el propio editor pero la informaci\u00f3n que se recoja mediante estas sea gestionada por un tercero, no son consideradas cookies propias.<\/span><\/p>\n<h5><span style=\"color: #1f3e7c;\">Seg\u00fan el plazo de tiempo que permanecen activadas<\/span><\/h5>\n<p><span style=\"color: #1f3e7c;\">Seg\u00fan el plazo de tiempo que permanecen activadas en el equipo terminal podemos distinguir:<\/span><\/p>\n<ul>\n<li><span style=\"color: #1f3e7c;\"><b>Cookies de sesi\u00f3n:<\/b>\u00a0Son un tipo de cookies dise\u00f1adas para recabar y almacenar datos mientras el usuario accede a una p\u00e1gina web. Se suelen emplear para almacenar informaci\u00f3n que solo interesa conservar para la prestaci\u00f3n del servicio solicitado por el usuario en una sola ocasi\u00f3n (p.e. una lista de productos adquiridos).\n<p><\/span><\/li>\n<li><span style=\"color: #1f3e7c;\"><b>Cookies persistentes:<\/b>\u00a0Son un tipo de cookies en el que los datos siguen almacenados en el terminal y pueden ser accedidos y tratados durante un periodo definido por el responsable de la cookie, y que puede ir de unos minutos a varios a\u00f1os.<\/span><\/li>\n<\/ul>\n<h5><span style=\"color: #1f3e7c;\">Seg\u00fan su finalidad<\/span><\/h5>\n<p><span style=\"color: #1f3e7c;\">Seg\u00fan la finalidad para la que se traten los datos obtenidos a trav\u00e9s de las cookies, podemos distinguir entre:<\/span><\/p>\n<ul>\n<li><span style=\"color: #1f3e7c;\"><b>Cookies t\u00e9cnicas:<\/b>\u00a0Son aquellas que permiten al usuario la navegaci\u00f3n a trav\u00e9s de una p\u00e1gina web, plataforma o aplicaci\u00f3n y la utilizaci\u00f3n de las diferentes opciones o servicios que en ella existan como, por ejemplo, controlar el tr\u00e1fico y la comunicaci\u00f3n de datos, identificar la sesi\u00f3n, acceder a partes de acceso restringido, recordar los elementos que integran un pedido, realizar el proceso de compra de un pedido, realizar la solicitud de inscripci\u00f3n o participaci\u00f3n en un evento, utilizar elementos de seguridad durante la navegaci\u00f3n, almacenar contenidos para la difusi\u00f3n de videos o sonido o compartir contenidos a trav\u00e9s de redes sociales.\n<p><\/span><\/li>\n<li><span style=\"color: #1f3e7c;\"><b>Cookies de personalizaci\u00f3n:<\/b>\u00a0Son aquellas que permiten al usuario acceder al servicio con algunas caracter\u00edsticas de car\u00e1cter general predefinidas en funci\u00f3n de una serie de criterios en el terminal del usuario como por ejemplo serian el idioma, el tipo de navegador a trav\u00e9s del cual accede al servicio, la configuraci\u00f3n regional desde donde accede al servicio, etc.\n<p><\/span><\/li>\n<li><span style=\"color: #1f3e7c;\"><b>Cookies de an\u00e1lisis:<\/b>\u00a0Son aquellas que permiten al responsable de las mismas, el seguimiento y an\u00e1lisis del comportamiento de los usuarios de los sitios web a los que est\u00e1n vinculadas. La informaci\u00f3n recogida mediante este tipo de cookies se utiliza en la medici\u00f3n de la actividad de los sitios web, aplicaci\u00f3n o plataforma y para la elaboraci\u00f3n de perfiles de navegaci\u00f3n de los usuarios de dichos sitios, aplicaciones y plataformas, con el fin de introducir mejoras en funci\u00f3n del an\u00e1lisis de los datos de uso que hacen los usuarios del servicio.\n<p><\/span><\/li>\n<li><span style=\"color: #1f3e7c;\"><b>Cookies publicitarias:<\/b>\u00a0Son aquellas que permiten la gesti\u00f3n, de la forma m\u00e1s eficaz posible, de los espacios publicitarios que, en su caso, el editor haya incluido en una p\u00e1gina web, aplicaci\u00f3n o plataforma desde la que presta el servicio solicitado en base a criterios como el contenido editado o la frecuencia en la que se muestran los anuncios.\n<p><\/span><\/li>\n<li><span style=\"color: #1f3e7c;\"><b>Cookies de publicidad comportamental:<\/b> Son aquellas que permiten la gesti\u00f3n, de la forma m\u00e1s eficaz posible, de los espacios publicitarios que, en su caso, el editor haya incluido en una p\u00e1gina web, aplicaci\u00f3n o plataforma desde la que presta el servicio solicitado. Estas cookies almacenan informaci\u00f3n del comportamiento de los usuarios obtenida a trav\u00e9s de la observaci\u00f3n continuada de sus h\u00e1bitos de navegaci\u00f3n, lo que permite desarrollar un perfil espec\u00edfico para mostrar publicidad en funci\u00f3n del mismo.<\/span><\/li>\n<\/ul>\n<h5><span style=\"color: #1f3e7c;\">\u00bfC\u00f3mo puedo deshabilitar las cookies?<\/span><\/h5>\n<p><span style=\"color: #1f3e7c;\">Si as\u00ed lo desea, es posible dejar de aceptar las cookies del navegador, para ello hay la posibilidad de configurar su navegador de modo que se le informe de la recepci\u00f3n de cookies, pudiendo, si as\u00ed lo desea, impedir que sean instaladas en su disco duro.<\/span><\/p>\n<p><span style=\"color: #1f3e7c;\">A continuaci\u00f3n, puede seleccionar el navegador que m\u00e1s le convenga:<\/span><\/p>\n<ul>\n<li><span style=\"color: #1f3e7c;\"><a href=\"https:\/\/support.mozilla.org\/es\/kb\/habilitar-y-deshabilitar-cookies-sitios-web-rastrear-preferencias?redirectslug=habilitar-y-deshabilitar-cookies-que-los-sitios-we&amp;redirectlocale=es\"><strong>Firefox<\/strong><\/a>\n<p><\/span><\/li>\n<li><span style=\"color: #1f3e7c;\"><a href=\"https:\/\/support.google.com\/chrome\/answer\/95647?hl=es\"><strong>Chrome<\/strong><\/a>\n<p><\/span><\/li>\n<li><span style=\"color: #1f3e7c;\"><strong><a href=\"https:\/\/support.microsoft.com\/es-es\/topic\/eliminar-y-administrar-cookies-168dab11-0753-043d-7c16-ede5947fc64d#ie=ie-10\">Explorer<\/a><\/strong>\n<p><\/span><\/li>\n<li><span style=\"color: #1f3e7c;\"><a href=\"https:\/\/support.apple.com\/es-es\/guide\/safari\/sfri11471\/mac\"><strong>Safari<\/strong><\/a>\n<p><\/span><\/li>\n<li><span style=\"color: #1f3e7c;\"><a href=\"https:\/\/help.opera.com\/en\/latest\/web-preferences\/\"><strong>Opera<\/strong><\/a><\/span><\/li>\n<\/ul>\n<h5><span style=\"color: #1f3e7c;\">\u00bfQu\u00e9 ocurre si deshabilito las cookies de esta p\u00e1gina web?<\/span><\/h5>\n<p><span style=\"color: #1f3e7c;\">Algunas funciones y servicios del sitio web pueden quedar deshabilitadas y es posible que se impida el acceso a contenidos y servicios personalizados, en caso de cualquier duda no dude en escribir a admin@frima.cat.<\/span><\/p>\n<p>\u00a0<\/p>\n<p>\u00a0<\/p>\n","protected":false},"excerpt":{"rendered":"<p>Pol\u00edtica de cookies \u00a0 Seg\u00fan lo dispuesto en el art\u00edculo 22.2 de la Ley 34\/2002, de 11 de julio, de Servicios de la Sociedad de la Informaci\u00f3n y de Comercio Electr\u00f3nico (LSSI-CE). \u00bfQu\u00e9 son las cookies y para qu\u00e9 se<\/p>\n","protected":false},"author":2,"featured_media":0,"parent":0,"menu_order":0,"comment_status":"closed","ping_status":"closed","template":"","meta":{"footnotes":""},"class_list":["post-1397","page","type-page","status-publish","hentry"],"_links":{"self":[{"href":"https:\/\/www.frima.cat\/frima\/wp-json\/wp\/v2\/pages\/1397","targetHints":{"allow":["GET"]}}],"collection":[{"href":"https:\/\/www.frima.cat\/frima\/wp-json\/wp\/v2\/pages"}],"about":[{"href":"https:\/\/www.frima.cat\/frima\/wp-json\/wp\/v2\/types\/page"}],"author":[{"embeddable":true,"href":"https:\/\/www.frima.cat\/frima\/wp-json\/wp\/v2\/users\/2"}],"replies":[{"embeddable":true,"href":"https:\/\/www.frima.cat\/frima\/wp-json\/wp\/v2\/comments?post=1397"}],"version-history":[{"count":8,"href":"https:\/\/www.frima.cat\/frima\/wp-json\/wp\/v2\/pages\/1397\/revisions"}],"predecessor-version":[{"id":1624,"href":"https:\/\/www.frima.cat\/frima\/wp-json\/wp\/v2\/pages\/1397\/revisions\/1624"}],"wp:attachment":[{"href":"https:\/\/www.frima.cat\/frima\/wp-json\/wp\/v2\/media?parent=1397"}],"curies":[{"name":"wp","href":"https:\/\/api.w.org\/{rel}","templated":true}]}}