{"id":1401,"date":"2020-12-03T15:49:46","date_gmt":"2020-12-03T15:49:46","guid":{"rendered":"http:\/\/www.frima.cat\/frima\/?page_id=1401"},"modified":"2021-01-19T16:10:48","modified_gmt":"2021-01-19T16:10:48","slug":"politica-de-privacidad","status":"publish","type":"page","link":"https:\/\/www.frima.cat\/frima\/politica-de-privacidad\/","title":{"rendered":"Pol\u00edtica de privacidad"},"content":{"rendered":"<h1><span style=\"color: #1f3e7c;\">Pol\u00edtica de Privacidad<\/span><\/h1>\n<hr \/>\n<h1>\u00a0<\/h1>\n\n\n<p><strong><span style=\"color:#1f3e7c\" class=\"has-inline-color\">Protecci\u00f3n de datos<\/span><\/strong><\/p>\n\n\n\n<p><span style=\"color:#1f3e7c\" class=\"has-inline-color\">De conformidad con lo establecido en la normativa vigente en Protecci\u00f3n de Datos de Car\u00e1cter Personal, le informamos que sus datos ser\u00e1n incorporados al sistema de tratamiento titularidad de FRIMA REFORMES SL con CIF B64949472 y domicilio social sito en AVDA FABREGADA 26, LOCAL B1, 08907, L&#8217;HOSPITALET DE LLOBREGAT (BARCELONA), con la finalidad de poder facilitar, agilizar y cumplir los compromisos establecidos entre ambas partes. En cumplimiento con la normativa vigente, FRIMA REFORMES SL informa que los datos ser\u00e1n conservados durante el plazo estrictamente necesario para cumplir con los preceptos mencionados con anterioridad.<\/span><\/p>\n\n\n\n<p><span style=\"color:#1f3e7c\" class=\"has-inline-color\">Le informamos que el tratamiento de sus datos est\u00e1 legitimado por su consentimiento y\/o la relaci\u00f3n contractual que mantenemos con usted FRIMA REFORMES SL informa que proceder\u00e1 a tratar los datos de manera l\u00edcita, leal, transparente, adecuada, pertinente, limitada, exacta y actualizada. Es por ello que FRIMA REFORMES SL se compromete a adoptar todas las medidas razonables para que estos se supriman o rectifiquen sin dilaci\u00f3n cuando sean inexactos.<\/span><\/p>\n\n\n\n<p><span style=\"color:#1f3e7c\" class=\"has-inline-color\">De acuerdo con los derechos que le confiere el la normativa vigente en protecci\u00f3n de datos podr\u00e1 ejercer los derechos de acceso, rectificaci\u00f3n, limitaci\u00f3n de tratamiento, supresi\u00f3n, portabilidad y oposici\u00f3n al tratamiento de sus datos de car\u00e1cter personal as\u00ed como del consentimiento prestado para el tratamiento de los mismos, dirigiendo su petici\u00f3n a la direcci\u00f3n postal indicada m\u00e1s arriba o al correo electr\u00f3nico frima@frima.cat.<a rel=\"noreferrer noopener\" href=\"mailto:info@lipotrue.com\" target=\"_blank\"> <\/a><br>Podr\u00e1 dirigirse a la Autoridad de Control competente para presentar la reclamaci\u00f3n que considere oportuna.<\/span><\/p>\n\n\n\n<p><strong><span style=\"color:#1f3e7c\" class=\"has-inline-color\">Certificado SSL (Secure Sockets Layer)<\/span><\/strong><\/p>\n\n\n\n<p><span style=\"color:#1f3e7c\" class=\"has-inline-color\">El CERTIFICADO SSL proporciona autenticaci\u00f3n, privacidad y seguridad de la informaci\u00f3n entre FRIMA REFORMES  SL y el usuario.<br>FRIMA REFORMES SL dispone de un certificado de seguridad que se utiliza por CERTIFICADO SSL para realizar conexiones seguras.<br>En este proceso se establecen varios par\u00e1metros para realizar la conexi\u00f3n de forma segura y se establece usando llaves preestablecidas, codificando y descodificando todos los datos enviados hasta que la conexi\u00f3n sea cerrada.<\/span><\/p>\n\n\n\n<p><strong><span style=\"color:#1f3e7c\" class=\"has-inline-color\">Recogida de datos<\/span><\/strong><\/p>\n\n\n\n<p><span style=\"color:#1f3e7c\" class=\"has-inline-color\">Los datos recogidos por FRIMA REFORMES SL ser\u00e1n exclusivamente utilizados por la empresa, en ning\u00fan caso se derivar\u00e1n datos a terceras entidades i\/o personas. Los cuales se usan para ofrecer una mejor experiencia a los usuarios en dicho portal, experiencias tales como: contactar con el usuario en caso de solicitar m\u00e1s informaci\u00f3n, atender a reclamaciones, dudas, presupuestos, etc. <\/span><\/p>\n\n\n\n<p><strong><span style=\"color:#1f3e7c\" class=\"has-inline-color\">Derechos ARCO<\/span><\/strong><\/p>\n\n\n\n<p><span style=\"color:#1f3e7c\" class=\"has-inline-color\">Los\u00a0<strong>derechos ARCO<\/strong>\u00a0(Acceso, Rectificaci\u00f3n, Cancelaci\u00f3n u Oposici\u00f3n). Se trata de unos\u00a0<strong>derechos personales<\/strong>, que cualquier ciudadano puede ejercer en referencia al uso y tratamiento de sus datos personales por terceros. El T\u00edtulo III de la\u00a0<strong>Ley Org\u00e1nica de Protecci\u00f3n de Datos de Car\u00e1cter Personal<\/strong>\u00a0(LOPD) es el que regula estos derechos tan importantes.<\/span><\/p>\n\n\n\n<ul class=\"wp-block-list\"><li><span style=\"color:#1f3e7c\" class=\"has-inline-color\"><strong>Derecho de Acceso:<\/strong>\u00a0derecho de toda persona para obtener informaci\u00f3n acerca del uso que se est\u00e1n dando a sus datos de car\u00e1cter personal. El origen de los datos, as\u00ed como el tratamiento de los mismos debe de ser informado en todo momento al afectado.<\/span><\/li><li><span style=\"color:#1f3e7c\" class=\"has-inline-color\"><strong>Derecho de Rectificaci\u00f3n:<\/strong>\u00a0derecho del ciudadano a que se modifiquen o rectifiquen los datos que no sean correctos o est\u00e9n incompletos.<\/span><\/li><li><span style=\"color:#1f3e7c\" class=\"has-inline-color\"><strong>Derecho de Cancelaci\u00f3n:<\/strong>\u00a0trata del derecho a excluir todos esos datos que no son \u00f3ptimos o resulten exagerados para el tratamiento necesario. En el nuevo Reglamento Europeo de Protecci\u00f3n de Datos se recoge el llamado\u00a0<strong>\u201cderecho al olvido\u201d<\/strong>, que estar\u00eda en consonancia con este.<\/span><\/li><li><span style=\"color:#1f3e7c\" class=\"has-inline-color\"><strong>Derecho de Oposici\u00f3n:<\/strong>\u00a0cualquier persona tiene derecho a oponerse a que sus datos personales sean tratados.<\/span><\/li><\/ul>\n\n\n\n<p><span style=\"color:#1f3e7c\" class=\"has-inline-color\">Podr\u00e1 ejercer sus derechos ARCO mediante el siguiente email: admin@frima.cat<\/span>.<\/p>\n","protected":false},"excerpt":{"rendered":"<p>Pol\u00edtica de Privacidad \u00a0 Protecci\u00f3n de datos De conformidad con lo establecido en la normativa vigente en Protecci\u00f3n de Datos de Car\u00e1cter Personal, le informamos que sus datos ser\u00e1n incorporados al sistema de tratamiento titularidad de FRIMA REFORMES SL con<\/p>\n","protected":false},"author":2,"featured_media":0,"parent":0,"menu_order":0,"comment_status":"closed","ping_status":"closed","template":"","meta":{"footnotes":""},"class_list":["post-1401","page","type-page","status-publish","hentry"],"_links":{"self":[{"href":"https:\/\/www.frima.cat\/frima\/wp-json\/wp\/v2\/pages\/1401","targetHints":{"allow":["GET"]}}],"collection":[{"href":"https:\/\/www.frima.cat\/frima\/wp-json\/wp\/v2\/pages"}],"about":[{"href":"https:\/\/www.frima.cat\/frima\/wp-json\/wp\/v2\/types\/page"}],"author":[{"embeddable":true,"href":"https:\/\/www.frima.cat\/frima\/wp-json\/wp\/v2\/users\/2"}],"replies":[{"embeddable":true,"href":"https:\/\/www.frima.cat\/frima\/wp-json\/wp\/v2\/comments?post=1401"}],"version-history":[{"count":10,"href":"https:\/\/www.frima.cat\/frima\/wp-json\/wp\/v2\/pages\/1401\/revisions"}],"predecessor-version":[{"id":2935,"href":"https:\/\/www.frima.cat\/frima\/wp-json\/wp\/v2\/pages\/1401\/revisions\/2935"}],"wp:attachment":[{"href":"https:\/\/www.frima.cat\/frima\/wp-json\/wp\/v2\/media?parent=1401"}],"curies":[{"name":"wp","href":"https:\/\/api.w.org\/{rel}","templated":true}]}}