{"id":1408,"date":"2020-12-03T16:18:56","date_gmt":"2020-12-03T16:18:56","guid":{"rendered":"http:\/\/www.frima.cat\/frima\/?page_id=1408"},"modified":"2021-03-29T15:11:02","modified_gmt":"2021-03-29T15:11:02","slug":"quienes-somos","status":"publish","type":"page","link":"https:\/\/www.frima.cat\/frima\/quienes-somos\/","title":{"rendered":"Qui\u00e9nes somos"},"content":{"rendered":"\n<div class=\"wp-block-columns is-layout-flex wp-container-core-columns-is-layout-9d6595d7 wp-block-columns-is-layout-flex\">\n<div class=\"wp-block-column is-layout-flow wp-block-column-is-layout-flow\" style=\"flex-basis:57.1%\">\n<div style=\"height:23px\" aria-hidden=\"true\" class=\"wp-block-spacer\"><\/div>\n\n\n\n<div style=\"height:20px\" aria-hidden=\"true\" class=\"wp-block-spacer\"><\/div>\n\n\n\n<h1 style=\"text-align: left;\"><em><span style=\"color: #1f3e7c;\">La calidad se descubre con el tiempo<\/span><\/em><\/h1>\n<p style=\"text-align: left;\"><span style=\"color: #1f3e7c;\"><strong>FRIMA SERVEIS<\/strong>\u00a0 es un grupo de empresas\u00a0 destinadas a la\u00a0 restauraci\u00f3n integral de edificios , as\u00ed como la instalaci\u00f3n en los mismos de cualquier tipo de suministro.\u00a0<\/span><\/p>\n<\/div>\n\n\n\n<div class=\"wp-block-column is-layout-flow wp-block-column-is-layout-flow\" style=\"flex-basis:62.4%\">\n<figure class=\"wp-block-image size-large is-resized\"><img loading=\"lazy\" decoding=\"async\" src=\"https:\/\/www.frima.cat\/frima\/wp-content\/uploads\/2020\/12\/rehabilitacion_edificio_2.jpg\" alt=\"\" class=\"wp-image-1520\" width=\"704\" height=\"193\" srcset=\"https:\/\/www.frima.cat\/frima\/wp-content\/uploads\/2020\/12\/rehabilitacion_edificio_2.jpg 720w, https:\/\/www.frima.cat\/frima\/wp-content\/uploads\/2020\/12\/rehabilitacion_edificio_2-300x82.jpg 300w, https:\/\/www.frima.cat\/frima\/wp-content\/uploads\/2020\/12\/rehabilitacion_edificio_2-600x164.jpg 600w\" sizes=\"auto, (max-width: 704px) 100vw, 704px\" \/><\/figure>\n\n\n\n<p><\/p>\n<\/div>\n<\/div>\n\n\n<p>\u00a0<\/p>\n<p><span style=\"color: #1f3e7c;\">Iniciamos nuestra andadura en los a\u00f1os 80, dedicados especialmente a la impermeabilizaci\u00f3n de cubiertas y terrazas. <\/span><\/p>\n<p><span style=\"color: #1f3e7c;\">A ra\u00edz de la puesta en marcha en el a\u00f1o 1985 por parte del Ayuntamiento de Barcelona de la campa\u00f1a \u00abBarcelona posa&#8217;t guapa\u00bb dedicada a subvencionar la restauraci\u00f3n de fachadas,<\/span><span style=\"color: #1f3e7c;\">\u00a0decidimos ampliar nuestro campo de acci\u00f3n a la rehabilitaci\u00f3n de fachadas y refuerzos estructurales.\u00a0<\/span><\/p>\n<p><span style=\"color: #1f3e7c;\">En la actualidad, contamos con los medios t\u00e9cnicos y humanos para resolver con \u00e9xito cualquier patolog\u00eda.<\/span><\/p>\n<p>\u00a0<\/p>\n<p>\u00a0<\/p>","protected":false},"excerpt":{"rendered":"<p>La calidad se descubre con el tiempo FRIMA SERVEIS\u00a0 es un grupo de empresas\u00a0 destinadas a la\u00a0 restauraci\u00f3n integral de edificios , as\u00ed como la instalaci\u00f3n en los mismos de cualquier tipo de suministro.\u00a0 \u00a0 Iniciamos nuestra andadura en los<\/p>\n","protected":false},"author":2,"featured_media":0,"parent":0,"menu_order":0,"comment_status":"closed","ping_status":"closed","template":"","meta":{"footnotes":""},"class_list":["post-1408","page","type-page","status-publish","hentry"],"_links":{"self":[{"href":"https:\/\/www.frima.cat\/frima\/wp-json\/wp\/v2\/pages\/1408","targetHints":{"allow":["GET"]}}],"collection":[{"href":"https:\/\/www.frima.cat\/frima\/wp-json\/wp\/v2\/pages"}],"about":[{"href":"https:\/\/www.frima.cat\/frima\/wp-json\/wp\/v2\/types\/page"}],"author":[{"embeddable":true,"href":"https:\/\/www.frima.cat\/frima\/wp-json\/wp\/v2\/users\/2"}],"replies":[{"embeddable":true,"href":"https:\/\/www.frima.cat\/frima\/wp-json\/wp\/v2\/comments?post=1408"}],"version-history":[{"count":52,"href":"https:\/\/www.frima.cat\/frima\/wp-json\/wp\/v2\/pages\/1408\/revisions"}],"predecessor-version":[{"id":3693,"href":"https:\/\/www.frima.cat\/frima\/wp-json\/wp\/v2\/pages\/1408\/revisions\/3693"}],"wp:attachment":[{"href":"https:\/\/www.frima.cat\/frima\/wp-json\/wp\/v2\/media?parent=1408"}],"curies":[{"name":"wp","href":"https:\/\/api.w.org\/{rel}","templated":true}]}}