{"id":1410,"date":"2020-12-03T16:18:56","date_gmt":"2020-12-03T16:18:56","guid":{"rendered":"http:\/\/www.frima.cat\/frima\/?page_id=1410"},"modified":"2021-03-02T08:54:25","modified_gmt":"2021-03-02T08:54:25","slug":"refuerzo-estructural","status":"publish","type":"page","link":"https:\/\/www.frima.cat\/frima\/nuestros-servicios\/refuerzo-estructural\/","title":{"rendered":"Refuerzo estructural"},"content":{"rendered":"\n<div class=\"wp-block-columns is-layout-flex wp-container-core-columns-is-layout-9d6595d7 wp-block-columns-is-layout-flex\">\n<div class=\"wp-block-column is-layout-flow wp-block-column-is-layout-flow\" style=\"flex-basis:33.33%\">\n<div style=\"height:100px\" aria-hidden=\"true\" class=\"wp-block-spacer\"><\/div>\n\n\n\n<h1><span style=\"color: #1f3e7c;\">Refuerzo estructural<\/span><\/h1>\n<p><span style=\"color: #1f3e7c;\"><em>Las bases de tu vivienda<\/em><\/span><\/p>\n<\/div>\n\n\n\n<div class=\"wp-block-column is-layout-flow wp-block-column-is-layout-flow\" style=\"flex-basis:66.66%\">\n<div class=\"wp-block-image\"><figure class=\"alignleft size-large is-resized\"><img loading=\"lazy\" decoding=\"async\" src=\"https:\/\/www.frima.cat\/frima\/wp-content\/uploads\/2020\/12\/mix_3D_difuminado-1024x243.png\" alt=\"\" class=\"wp-image-2245\" width=\"780\" height=\"183\" srcset=\"https:\/\/www.frima.cat\/frima\/wp-content\/uploads\/2020\/12\/mix_3D_difuminado-300x71.png 300w, https:\/\/www.frima.cat\/frima\/wp-content\/uploads\/2020\/12\/mix_3D_difuminado-600x142.png 600w\" sizes=\"auto, (max-width: 780px) 100vw, 780px\" \/><\/figure><\/div>\n\n\n\n<p><\/p>\n<\/div>\n<\/div>\n\n\n\n<div class=\"wp-block-columns is-layout-flex wp-container-core-columns-is-layout-9d6595d7 wp-block-columns-is-layout-flex\">\n<div class=\"wp-block-column is-layout-flow wp-block-column-is-layout-flow\" style=\"flex-basis:37.9%\">\n<div class=\"wp-block-image\"><figure class=\"aligncenter size-large is-resized\"><img loading=\"lazy\" decoding=\"async\" src=\"https:\/\/www.frima.cat\/frima\/wp-content\/uploads\/2021\/02\/image.png\" alt=\"\" class=\"wp-image-3229\" width=\"318\" height=\"400\" srcset=\"https:\/\/www.frima.cat\/frima\/wp-content\/uploads\/2021\/02\/image.png 534w, https:\/\/www.frima.cat\/frima\/wp-content\/uploads\/2021\/02\/image-238x300.png 238w\" sizes=\"auto, (max-width: 318px) 100vw, 318px\" \/><\/figure><\/div>\n\n\n\n<p style=\"text-align: center;\"><a href=\"https:\/\/www.frima.cat\/frima\/obras-realizadas\/refuerzo-estructural\/\"><span style=\"color: #1f3e7c;\">\u27a1 Ver REFUERZO ESTRUCTURAL realizado<\/span><\/a><\/p>\n<\/div>\n\n\n\n<div class=\"wp-block-column is-layout-flow wp-block-column-is-layout-flow\" style=\"flex-basis:51.8%\">\n<h6><strong><span style=\"color: #1f3e7c;\">DESCRIPCI\u00d3N<\/span><\/strong><\/h6>\n<p><span style=\"color: #1f3e7c;\">Los <strong>elementos estructurales<\/strong> horizontales son los forjados, que conforman los suelos y techos del edificio, transmitiendo las cargas a los elementos verticales.<\/span><br><span style=\"color: #1f3e7c;\">Hay tipolog\u00edas diversas de forjados, clasificables seg\u00fan la manera como transmiten las cargas y los materiales utilizados en su construcci\u00f3n.<\/span><br><span style=\"color: #1f3e7c;\">Dentro de la tipolog\u00eda de forjado unidireccional (transmiten las cargas en la direcci\u00f3n de las vigas que lo forman) nos encontramos con forjados de viguetas de madera, de vigas met\u00e1licas, de vigas cer\u00e1micas, de vigas de hormig\u00f3n armado in-situ, de vigas prefabricadas, forjados colaborantes, etc.<\/span><br><span style=\"color: #1f3e7c;\">Los forjados bidireccionales son aquellos que transmiten las cargas en dos direcciones ortogonales en toda la superficie, siendo, b\u00e1sicamente, forjados a base de losas de hormig\u00f3n armado o bien reticulares.<\/span><\/p>\n<p><\/p>\n<\/div>\n<\/div>\n\n\n<h6><strong><span style=\"color: #1f3e7c;\">PATOLOG\u00cdAS Y SOLUCIONES HABITUALES<\/span><\/strong><\/h6>\n<p><span style=\"color: #1f3e7c;\">Las patolog\u00edas son tan diversas como los materiales que pueden <\/span><span style=\"color: #1f3e7c;\">formar los forjados.<\/span><br><span style=\"color: #1f3e7c;\">En los casos de vigas de madera, es habitual su degradaci\u00f3n debido a ataques de insectos xil\u00f3fagos y hongos. Adem\u00e1s, en la madera aparece un fen\u00f3meno llamado \u201cfluencia\u201d, que consiste en la deformaci\u00f3n progresiva del material sin aumento alguno de carga.<\/span><br><span style=\"color: #1f3e7c;\">En el hormig\u00f3n armado, las patolog\u00edas se centran en la p\u00e9rdida de protecci\u00f3n de las armaduras de acero que se acaban oxidando y, por tanto, perdiendo las capacidades resistentes.<\/span><br><span style=\"color: #1f3e7c;\">La p\u00e9rdida de protecci\u00f3n es debida a la disminuci\u00f3n de alcalinidad y aumento de porosidad del hormig\u00f3n, por motivos de carbonataci\u00f3n, aluminosis, fisuraci\u00f3n excesiva, o actuaci\u00f3n de otros agentes corrosivos externos.<\/span><br><span style=\"color: #1f3e7c;\">Cuando las vigas son met\u00e1licas, la patolog\u00eda principal suele ser la p\u00e9rdida de secci\u00f3n por corrosi\u00f3n del material.<\/span><br><span style=\"color: #1f3e7c;\">En todos los casos, las patolog\u00edas afectan a la capacidad resistente del forjado, provocando en \u00e9l deformaciones excesivas y peligro de colapso estructural.<\/span><br><span style=\"color: #1f3e7c;\">La norma ser\u00e1, de entrada, parar la deformaci\u00f3n sufrida (no corregirla, dado que provocar\u00edamos patolog\u00edas nuevas), parar procesos de degradaci\u00f3n, y asegurar la capacidad resistente del forjado, reforz\u00e1ndolo cuando \u00e9sta ya se ha visto disminuida.<\/span><\/p>\n\n\n<div style=\"height:25px\" aria-hidden=\"true\" class=\"wp-block-spacer\"><\/div>\n\n\n\n<div class=\"wp-block-columns is-layout-flex wp-container-core-columns-is-layout-9d6595d7 wp-block-columns-is-layout-flex\">\n<div class=\"wp-block-column is-layout-flow wp-block-column-is-layout-flow\" style=\"flex-basis:70%\">\n<h6><span style=\"color: #1f3e7c;\"><strong>Refuerzo de viguetas mediante perfiler\u00eda extensible<\/strong><\/span><\/h6>\n<p><span style=\"color: #1f3e7c;\">En forjados unidireccionales de viguetas, por aumento de cargas del edificio o por disminuci\u00f3n de capacidad resistente de las vigas, su integridad puede verse comprometida. Una soluci\u00f3n aplicable en gran variedad de forjados es la de la colocaci\u00f3n por la parte inferior de la viga, de otra viga extensible de acero galvanizado que la recoge y pasa a soportar \u00edntegramente sus cargas.<\/span><br><span style=\"color: #1f3e7c;\">Por este motivo este sistema tambi\u00e9n es conocido como \u201csustituci\u00f3n funcional de viguetas\u201d, siendo un sistema especialmente indicado en los casos de aluminosis.<\/span><\/p>\n<\/div>\n\n\n\n<div class=\"wp-block-column is-layout-flow wp-block-column-is-layout-flow\" style=\"flex-basis:22.4%\">\n<div class=\"wp-block-image\"><figure class=\"alignright size-large is-resized\"><img loading=\"lazy\" decoding=\"async\" src=\"https:\/\/www.frima.cat\/frima\/wp-content\/uploads\/2021\/02\/image-1.png\" alt=\"\" class=\"wp-image-3230\" width=\"213\" height=\"200\" srcset=\"https:\/\/www.frima.cat\/frima\/wp-content\/uploads\/2021\/02\/image-1.png 422w, https:\/\/www.frima.cat\/frima\/wp-content\/uploads\/2021\/02\/image-1-300x281.png 300w\" sizes=\"auto, (max-width: 213px) 100vw, 213px\" \/><\/figure><\/div>\n<\/div>\n<\/div>\n\n\n<h6><span style=\"color: #1f3e7c;\"><strong>Refuerzo mediante capa de compresi\u00f3n<\/strong><\/span><\/h6>\n<p><span style=\"color: #1f3e7c;\">Se puede aumentar la capacidad resistente de un forjado por la parte superior, cuando las vigas de la parte inferior todav\u00eda no han perdido resistencia de manera significativa, pueden seguir trabajando mediante la aplicaci\u00f3n de una capa de compresi\u00f3n de hormig\u00f3n aligerado.<\/span><br><span style=\"color: #1f3e7c;\">Esta soluci\u00f3n es especialmente interesante en forjados de vigas de madera vistas, en los cuales se quiera mantener la est\u00e9tica original.<\/span><\/p>\n<h6><strong><span style=\"color: #1f3e7c;\">Refuerzo con fibra de carbono<\/span><\/strong><\/h6>\n<p><span style=\"color: #1f3e7c;\">La fibra de carbono es un material de \u00faltima generaci\u00f3n de muy alta resistencia. En forjados que debido a requerimientos funcionales deban aumentar su capacidad resistente, pero no su secci\u00f3n, este sistema es id\u00f3neo.<\/span><br><span style=\"color: #1f3e7c;\">Asegurando una base firme en la superficie inferior del forjado (que tanto puede ser unidireccional como bidireccional), la fibra de carbono se fija formando nervaduras, mediante resinas epoxi. De esta manera, con grosores de mil\u00edmetros, se consiguen resistencias a tracci\u00f3n hasta superiores a las del acero. Con estas fibras trabajando a tracci\u00f3n, la fibra neutra del forjado se desplaza m\u00e1s abajo, aumentando la secci\u00f3n de forjado que trabaja a compresi\u00f3n.<\/span><br><span style=\"color: #1f3e7c;\">El sustancial aumento de la capacidad resistente del forjado, sin aumento de canto, permite que este sistema pueda solucionar tanto defectos de dimensionado en edificios ya construidos, como cambios de uso con requerimientos estructurales m\u00e1s restrictivos.<\/span><\/p>\n<h6><span style=\"color: #1f3e7c;\"><strong>Cortaluces<\/strong><\/span><\/h6>\n<p><span style=\"color: #1f3e7c;\">En algunos casos, sin aumento de carga, las vigas (sobre todo en el caso de la madera, aunque tambi\u00e9n se da en hormig\u00f3n) pueden ir deformando progresivamente. Esto es debido al envejecimiento del material, y es conocido como fluencia.<\/span><br><span style=\"color: #1f3e7c;\">Seg\u00fan las caracter\u00edsticas de cada caso, puede ser conveniente la colocaci\u00f3n de una viga perpendicular al conjunto de viguetas del forjado, actuando a modo de j\u00e1cena, con tal de que la zona central de las viguetas existentes se apoyen en \u00e9sta.<\/span><\/p>","protected":false},"excerpt":{"rendered":"<p>Las bases de tu vivienda. <\/p>\n","protected":false},"author":2,"featured_media":3353,"parent":1409,"menu_order":0,"comment_status":"closed","ping_status":"closed","template":"","meta":{"footnotes":""},"class_list":["post-1410","page","type-page","status-publish","has-post-thumbnail","hentry"],"_links":{"self":[{"href":"https:\/\/www.frima.cat\/frima\/wp-json\/wp\/v2\/pages\/1410","targetHints":{"allow":["GET"]}}],"collection":[{"href":"https:\/\/www.frima.cat\/frima\/wp-json\/wp\/v2\/pages"}],"about":[{"href":"https:\/\/www.frima.cat\/frima\/wp-json\/wp\/v2\/types\/page"}],"author":[{"embeddable":true,"href":"https:\/\/www.frima.cat\/frima\/wp-json\/wp\/v2\/users\/2"}],"replies":[{"embeddable":true,"href":"https:\/\/www.frima.cat\/frima\/wp-json\/wp\/v2\/comments?post=1410"}],"version-history":[{"count":22,"href":"https:\/\/www.frima.cat\/frima\/wp-json\/wp\/v2\/pages\/1410\/revisions"}],"predecessor-version":[{"id":3255,"href":"https:\/\/www.frima.cat\/frima\/wp-json\/wp\/v2\/pages\/1410\/revisions\/3255"}],"up":[{"embeddable":true,"href":"https:\/\/www.frima.cat\/frima\/wp-json\/wp\/v2\/pages\/1409"}],"wp:featuredmedia":[{"embeddable":true,"href":"https:\/\/www.frima.cat\/frima\/wp-json\/wp\/v2\/media\/3353"}],"wp:attachment":[{"href":"https:\/\/www.frima.cat\/frima\/wp-json\/wp\/v2\/media?parent=1410"}],"curies":[{"name":"wp","href":"https:\/\/api.w.org\/{rel}","templated":true}]}}