{"id":2071,"date":"2020-12-23T15:44:44","date_gmt":"2020-12-23T15:44:44","guid":{"rendered":"http:\/\/www.frima.cat\/frima\/?page_id=2071"},"modified":"2021-01-20T16:41:34","modified_gmt":"2021-01-20T16:41:34","slug":"patios-interiores","status":"publish","type":"page","link":"https:\/\/www.frima.cat\/frima\/nuestros-servicios\/patios-interiores\/","title":{"rendered":"Patios interiores"},"content":{"rendered":"\n<div class=\"wp-block-columns is-layout-flex wp-container-core-columns-is-layout-9d6595d7 wp-block-columns-is-layout-flex\">\n<div class=\"wp-block-column is-layout-flow wp-block-column-is-layout-flow\" style=\"flex-basis:-5.41%\"><\/div>\n\n\n\n<div class=\"wp-block-column is-layout-flow wp-block-column-is-layout-flow\" style=\"flex-basis:19%\">\n<div style=\"height:77px\" aria-hidden=\"true\" class=\"wp-block-spacer\"><\/div>\n\n\n\n<h1 style=\"text-align: left;\"><span style=\"color: #1f3e7c;\">Patios interiores<\/span><\/h1>\n\n\n\n<p class=\"has-text-align-left\"><em><span style=\"color:#1f3e7c\" class=\"has-inline-color\">Ilumina tus zonas comunes. <\/span><\/em><\/p>\n<\/div>\n\n\n\n<div class=\"wp-block-column is-layout-flow wp-block-column-is-layout-flow\" style=\"flex-basis:1%\"><\/div>\n\n\n\n<div class=\"wp-block-column is-layout-flow wp-block-column-is-layout-flow\" style=\"flex-basis:71.59%\">\n<div class=\"wp-block-image\"><figure class=\"alignleft size-large\"><img loading=\"lazy\" decoding=\"async\" width=\"1024\" height=\"243\" src=\"https:\/\/www.frima.cat\/frima\/wp-content\/uploads\/2020\/12\/mix_3D_difuminado-1024x243.png\" alt=\"\" class=\"wp-image-2245\" srcset=\"https:\/\/www.frima.cat\/frima\/wp-content\/uploads\/2020\/12\/mix_3D_difuminado-1024x243.png 1024w, https:\/\/www.frima.cat\/frima\/wp-content\/uploads\/2020\/12\/mix_3D_difuminado-300x71.png 300w, https:\/\/www.frima.cat\/frima\/wp-content\/uploads\/2020\/12\/mix_3D_difuminado-768x182.png 768w, https:\/\/www.frima.cat\/frima\/wp-content\/uploads\/2020\/12\/mix_3D_difuminado-600x142.png 600w, https:\/\/www.frima.cat\/frima\/wp-content\/uploads\/2020\/12\/mix_3D_difuminado.png 1388w\" sizes=\"auto, (max-width: 1024px) 100vw, 1024px\" \/><\/figure><\/div>\n\n\n\n<p><\/p>\n<\/div>\n<\/div>\n\n\n\n<div style=\"height:20px\" aria-hidden=\"true\" class=\"wp-block-spacer\"><\/div>\n\n\n\n<div class=\"wp-block-columns is-layout-flex wp-container-core-columns-is-layout-9d6595d7 wp-block-columns-is-layout-flex\">\n<div class=\"wp-block-column is-layout-flow wp-block-column-is-layout-flow\" style=\"flex-basis:2%\"><\/div>\n\n\n\n<div class=\"wp-block-column is-layout-flow wp-block-column-is-layout-flow\" style=\"flex-basis:34.1%\">\n<div style=\"height:25px\" aria-hidden=\"true\" class=\"wp-block-spacer\"><\/div>\n\n\n\n<div class=\"wp-block-image\"><figure class=\"aligncenter size-large is-resized\"><img loading=\"lazy\" decoding=\"async\" src=\"https:\/\/www.frima.cat\/frima\/wp-content\/uploads\/2020\/12\/Patios_de_luces.png\" alt=\"\" class=\"wp-image-2155\" width=\"356\" height=\"501\"\/><\/figure><\/div>\n\n\n\n<p style=\"text-align: center;\"><a href=\"https:\/\/www.frima.cat\/frima\/obras-realizadas\/patios-interiores\/\"><span style=\"color: #1f3e7c;\">Ver PATIOS INTERIORES REHABILITADOS \u27a1<\/span><\/a><\/p>\n<\/div>\n\n\n\n<div class=\"wp-block-column is-layout-flow wp-block-column-is-layout-flow\" style=\"flex-basis:64%\">\n<div style=\"height:75px\" aria-hidden=\"true\" class=\"wp-block-spacer\"><\/div>\n\n\n\n<h6><strong><span style=\"color: #1f3e7c;\">DESCRIPCI\u00d3N<\/span><\/strong><\/h6>\n<p><span style=\"color: #1f3e7c;\">Los patios de ventilaci\u00f3n o de luces, corresponden a los espacios no edificados, situados dentro del volumen de la edificaci\u00f3n, destinados a permitir la iluminaci\u00f3n y ventilaci\u00f3n de las dependencias del edificio, o a crear en el interior espacios libres privados con jardiner\u00eda.<\/span><\/p>\n<p><\/p>\n<h6><strong><span style=\"color: #1f3e7c;\">PATOLOG\u00cdAS Y SOLUCIONES HABITUALES<\/span><\/strong><\/h6>\n<p><span style=\"color: #1f3e7c;\">Ya que un patio de ventilaci\u00f3n no deja de ser una fachada interior, sus patolog\u00edas posibles tambi\u00e9n se pueden asimilar a las comentadas en las fachadas, sobre todo en lo que respecta a revestimientos y dinteles.<\/span><br><span style=\"color: #1f3e7c;\">Debido a la funci\u00f3n de estos elementos, suele pasar, que es necesario adaptarlos a las nuevas normativas, reordenando las instalaciones que a menudo pasan por estas zonas y recanalizando salidas de humos de cocinas y ventilaciones de servicios, con tal de mejorar su comportamiento higi\u00e9nico.<\/span><\/p>\n<p><\/p>\n\n\n\n<p><br><\/p>\n<\/div>\n<\/div>\n\n\n<h6><strong><span style=\"color: #1f3e7c;\">Reparaci\u00f3n de paramentos<\/span><\/strong><\/h6>\n<p><span style=\"color: #1f3e7c;\">Igual que en el caso de las fachadas, en los patios, nos encontramos con lesiones y sistemas de reparaci\u00f3n similares. En el caso de los patios, como su funci\u00f3n principal es la de ventilar el edificio y proporcionar entrada de luz natural a habitaciones interiores, es posible que podamos mejorar su comportamiento proporcion\u00e1ndole colores claros que reflejen mejor la luz.<\/span><\/p>\n<p><\/p>\n<h6><strong><span style=\"color: #1f3e7c;\">Reordenaci\u00f3n de instalaciones<\/span><\/strong><\/h6>\n<p><span style=\"color: #1f3e7c;\">A lo largo del tiempo, muchas instalaciones se van a\u00f1adiendo a los edificios, unas sobre otras, llegando a producirse situaciones de organizaci\u00f3n bastante an\u00e1rquicas, sobre todo en lo que respecta a zonas privadas como son los patios.<\/span><\/p>\n<p><span style=\"color: #1f3e7c;\">En el momento de actuar en un patio, es conveniente reordenar estas instalaciones, se\u00f1alizar los diferentes tipos de servicios (agua, gas, electricidad) mediante codificaci\u00f3n de colores estandarizada, retirar las que son obsoletas o en desuso, etc.<\/span><\/p>\n<p><span style=\"color: #1f3e7c;\">Adem\u00e1s, si bien durante muchos a\u00f1os la extracci\u00f3n de humos de las cocinas se hac\u00eda directamente en estos espacios, las normativas actuales piden que los humos sean canalizados por motivos higi\u00e9nicos y de salubridad, directamente a la cubierta, por lo cual se deber\u00e1 realizar la adaptaci\u00f3n correspondiente.<\/span><\/p>\n<p><\/p>\n<h6><strong><span style=\"color: #1f3e7c;\">Estanqueidad<\/span><\/strong><\/h6>\n<p><span style=\"color: #1f3e7c;\">Dependiendo de las funciones del patio, puede darse el caso de que sea necesaria la instalaci\u00f3n de una claraboya en caso de no existir, o bien que se tenga que sustituir o reparar la existente, con tal de garantizar la entrada de luz natural y ventilaci\u00f3n, as\u00ed como evitar entrada de agua de la lluvia.<\/span><\/p>\n<p><span style=\"color: #1f3e7c;\">Las claraboyas pueden ser muy diversas: de placas de policarbonato, de vidrio laminar, de vidrio armado, transparentes, transl\u00facidas, con estructura de acero galvanizado, de acero inoxidable&#8230;<\/span><br><span style=\"color: #1f3e7c;\">En cada caso se deber\u00e1 estudiar la opci\u00f3n m\u00e1s conveniente, teniendo en cuenta todos los factores posibles.<\/span><\/p>\n<p><\/p>\n<p style=\"padding-left: 800px;\"><\/p>\n\n\n<p><\/p>\n\n\n\n<p><\/p>\n","protected":false},"excerpt":{"rendered":"<p>Ilumina tus zonas comunes.<\/p>\n","protected":false},"author":2,"featured_media":2106,"parent":1409,"menu_order":0,"comment_status":"closed","ping_status":"closed","template":"","meta":{"footnotes":""},"class_list":["post-2071","page","type-page","status-publish","has-post-thumbnail","hentry"],"_links":{"self":[{"href":"https:\/\/www.frima.cat\/frima\/wp-json\/wp\/v2\/pages\/2071","targetHints":{"allow":["GET"]}}],"collection":[{"href":"https:\/\/www.frima.cat\/frima\/wp-json\/wp\/v2\/pages"}],"about":[{"href":"https:\/\/www.frima.cat\/frima\/wp-json\/wp\/v2\/types\/page"}],"author":[{"embeddable":true,"href":"https:\/\/www.frima.cat\/frima\/wp-json\/wp\/v2\/users\/2"}],"replies":[{"embeddable":true,"href":"https:\/\/www.frima.cat\/frima\/wp-json\/wp\/v2\/comments?post=2071"}],"version-history":[{"count":32,"href":"https:\/\/www.frima.cat\/frima\/wp-json\/wp\/v2\/pages\/2071\/revisions"}],"predecessor-version":[{"id":3001,"href":"https:\/\/www.frima.cat\/frima\/wp-json\/wp\/v2\/pages\/2071\/revisions\/3001"}],"up":[{"embeddable":true,"href":"https:\/\/www.frima.cat\/frima\/wp-json\/wp\/v2\/pages\/1409"}],"wp:featuredmedia":[{"embeddable":true,"href":"https:\/\/www.frima.cat\/frima\/wp-json\/wp\/v2\/media\/2106"}],"wp:attachment":[{"href":"https:\/\/www.frima.cat\/frima\/wp-json\/wp\/v2\/media?parent=2071"}],"curies":[{"name":"wp","href":"https:\/\/api.w.org\/{rel}","templated":true}]}}