{"id":2073,"date":"2020-12-23T15:44:44","date_gmt":"2020-12-23T15:44:44","guid":{"rendered":"http:\/\/www.frima.cat\/frima\/?page_id=2073"},"modified":"2021-01-20T16:47:20","modified_gmt":"2021-01-20T16:47:20","slug":"bajantes","status":"publish","type":"page","link":"https:\/\/www.frima.cat\/frima\/nuestros-servicios\/bajantes\/","title":{"rendered":"Bajantes"},"content":{"rendered":"\n<div class=\"wp-block-columns is-layout-flex wp-container-core-columns-is-layout-9d6595d7 wp-block-columns-is-layout-flex\">\n<div class=\"wp-block-column is-layout-flow wp-block-column-is-layout-flow\" style=\"flex-basis:-5.41%\"><\/div>\n\n\n\n<div class=\"wp-block-column is-layout-flow wp-block-column-is-layout-flow\" style=\"flex-basis:19%\">\n<div style=\"height:101px\" aria-hidden=\"true\" class=\"wp-block-spacer\"><\/div>\n\n\n\n<h1 style=\"text-align: left;\"><span style=\"color: #1f3e7c;\">Bajantes<\/span><\/h1>\n\n\n\n<p class=\"has-text-align-left\"><span style=\"color:#1f3e7c\" class=\"has-inline-color\"><em>Red de saneamiento.<\/em><\/span><\/p>\n<\/div>\n\n\n\n<div class=\"wp-block-column is-layout-flow wp-block-column-is-layout-flow\" style=\"flex-basis:1%\"><\/div>\n\n\n\n<div class=\"wp-block-column is-layout-flow wp-block-column-is-layout-flow\" style=\"flex-basis:71.59%\">\n<div class=\"wp-block-image\"><figure class=\"alignleft size-large\"><img loading=\"lazy\" decoding=\"async\" width=\"1024\" height=\"243\" src=\"https:\/\/www.frima.cat\/frima\/wp-content\/uploads\/2020\/12\/mix_3D_difuminado-1024x243.png\" alt=\"\" class=\"wp-image-2245\" srcset=\"https:\/\/www.frima.cat\/frima\/wp-content\/uploads\/2020\/12\/mix_3D_difuminado-1024x243.png 1024w, https:\/\/www.frima.cat\/frima\/wp-content\/uploads\/2020\/12\/mix_3D_difuminado-300x71.png 300w, https:\/\/www.frima.cat\/frima\/wp-content\/uploads\/2020\/12\/mix_3D_difuminado-768x182.png 768w, https:\/\/www.frima.cat\/frima\/wp-content\/uploads\/2020\/12\/mix_3D_difuminado-600x142.png 600w, https:\/\/www.frima.cat\/frima\/wp-content\/uploads\/2020\/12\/mix_3D_difuminado.png 1388w\" sizes=\"auto, (max-width: 1024px) 100vw, 1024px\" \/><\/figure><\/div>\n\n\n\n<p><\/p>\n<\/div>\n<\/div>\n\n\n\n<div class=\"wp-block-columns is-layout-flex wp-container-core-columns-is-layout-9d6595d7 wp-block-columns-is-layout-flex\">\n<div class=\"wp-block-column is-layout-flow wp-block-column-is-layout-flow\" style=\"flex-basis:35.2%\">\n<div style=\"height:51px\" aria-hidden=\"true\" class=\"wp-block-spacer\"><\/div>\n\n\n\n<div class=\"wp-block-image\"><figure class=\"aligncenter size-large is-resized\"><img loading=\"lazy\" decoding=\"async\" src=\"https:\/\/www.frima.cat\/frima\/wp-content\/uploads\/2020\/12\/elementos_veticales_2.png\" alt=\"\" class=\"wp-image-2174\" width=\"352\" height=\"515\" srcset=\"https:\/\/www.frima.cat\/frima\/wp-content\/uploads\/2020\/12\/elementos_veticales_2.png 426w, https:\/\/www.frima.cat\/frima\/wp-content\/uploads\/2020\/12\/elementos_veticales_2-205x300.png 205w\" sizes=\"auto, (max-width: 352px) 100vw, 352px\" \/><\/figure><\/div>\n\n\n\n<p style=\"text-align: center;\"><a href=\"https:\/\/www.frima.cat\/frima\/obras-realizadas\/bajantes\"><span style=\"color: #1f3e7c;\">Ver BAJANTES realizados \u27a1<\/span><\/a><\/p>\n<\/div>\n\n\n\n<div class=\"wp-block-column is-layout-flow wp-block-column-is-layout-flow\" style=\"flex-basis:62.4%\">\n<div style=\"height:52px\" aria-hidden=\"true\" class=\"wp-block-spacer\"><\/div>\n\n\n\n<h6><span style=\"color: #1f3e7c;\"><strong>DESCRIPCI\u00d3N<\/strong><\/span><\/h6>\n<p><span style=\"color: #1f3e7c;\">Las\u00a0<strong>bajantes<\/strong>\u00a0son aquellas tuber\u00edas que recogen las aguas residuales y pluviales de un edificio, para evacuarlas en la red de alcantarillado.<\/span><\/p>\n<p><span style=\"color: #1f3e7c;\">En viviendas\u00a0<strong>comunitarias<\/strong>, las\u00a0<strong>bajantes<\/strong> recogen tanto el agua desde los tejados como aquella que van siendo evacuadas desde todas las viviendas que pueden recoger aguas del lavabo (W\u00e1ter, lavabo, ducha, bidet..), cocinas (pica, lavavajillas..) y galer\u00edas (lavadero, lavadoras\u2026)<\/span><\/p>\n<p><span style=\"color: #1f3e7c;\">Las\u00a0<strong>tuber\u00edas comunitarias<\/strong> son las bajantes generales, que discurren verticalmente y que llegan a las zonas de las arquetas o desag\u00fces generales del edificio o de la red p\u00fablica.<\/span><\/p>\n<p><span style=\"color: #1f3e7c;\">Se considera elemento\u00a0<strong>privativo<\/strong>\u00a0el ramal que discurre desde la vivienda hasta la\u00a0<strong>bajante<\/strong>\u00a0general de aguas fecales. Es natural que si se produce un atasco en este ramal, su responsable sea el propietario de la vivienda, puesto que los residuos de ninguna otra vivienda pasan por ah\u00ed.<\/span><\/p>\n<h6><span style=\"color: #1f3e7c;\"><strong>Red de saneamiento<\/strong><\/span><\/h6>\n<p><span style=\"color: #1f3e7c;\">La\u00a0<strong>red horizontal<\/strong>\u00a0de una instalaci\u00f3n de\u00a0<strong>saneamiento<\/strong> en edificios es la que va desde los codos de las bajantes que se encuentran tanto en la planta baja como en los s\u00f3tanos hasta el pozo s\u00e9ptico o el pozo de decantaci\u00f3n en el que se vierten las aguas antes de pasar al alcantarillado p\u00fablico<\/span><\/p>\n<\/div>\n<\/div>\n\n\n\n<p><\/p>\n","protected":false},"excerpt":{"rendered":"<p>Red de saneamiento. <\/p>\n","protected":false},"author":2,"featured_media":2104,"parent":1409,"menu_order":0,"comment_status":"closed","ping_status":"closed","template":"","meta":{"footnotes":""},"class_list":["post-2073","page","type-page","status-publish","has-post-thumbnail","hentry"],"_links":{"self":[{"href":"https:\/\/www.frima.cat\/frima\/wp-json\/wp\/v2\/pages\/2073","targetHints":{"allow":["GET"]}}],"collection":[{"href":"https:\/\/www.frima.cat\/frima\/wp-json\/wp\/v2\/pages"}],"about":[{"href":"https:\/\/www.frima.cat\/frima\/wp-json\/wp\/v2\/types\/page"}],"author":[{"embeddable":true,"href":"https:\/\/www.frima.cat\/frima\/wp-json\/wp\/v2\/users\/2"}],"replies":[{"embeddable":true,"href":"https:\/\/www.frima.cat\/frima\/wp-json\/wp\/v2\/comments?post=2073"}],"version-history":[{"count":25,"href":"https:\/\/www.frima.cat\/frima\/wp-json\/wp\/v2\/pages\/2073\/revisions"}],"predecessor-version":[{"id":3231,"href":"https:\/\/www.frima.cat\/frima\/wp-json\/wp\/v2\/pages\/2073\/revisions\/3231"}],"up":[{"embeddable":true,"href":"https:\/\/www.frima.cat\/frima\/wp-json\/wp\/v2\/pages\/1409"}],"wp:featuredmedia":[{"embeddable":true,"href":"https:\/\/www.frima.cat\/frima\/wp-json\/wp\/v2\/media\/2104"}],"wp:attachment":[{"href":"https:\/\/www.frima.cat\/frima\/wp-json\/wp\/v2\/media?parent=2073"}],"curies":[{"name":"wp","href":"https:\/\/api.w.org\/{rel}","templated":true}]}}