{"id":2076,"date":"2020-12-23T15:44:44","date_gmt":"2020-12-23T15:44:44","guid":{"rendered":"http:\/\/www.frima.cat\/frima\/?page_id=2076"},"modified":"2021-01-20T16:51:04","modified_gmt":"2021-01-20T16:51:04","slug":"vestibulos-y-escaleras","status":"publish","type":"page","link":"https:\/\/www.frima.cat\/frima\/nuestros-servicios\/vestibulos-y-escaleras\/","title":{"rendered":"Vest\u00edbulos y escaleras"},"content":{"rendered":"\n<div class=\"wp-block-columns is-layout-flex wp-container-core-columns-is-layout-9d6595d7 wp-block-columns-is-layout-flex\">\n<div class=\"wp-block-column is-layout-flow wp-block-column-is-layout-flow\" style=\"flex-basis:-5.41%\"><\/div>\n\n\n\n<div class=\"wp-block-column is-layout-flow wp-block-column-is-layout-flow\" style=\"flex-basis:24.8%\">\n<div style=\"height:68px\" aria-hidden=\"true\" class=\"wp-block-spacer\"><\/div>\n\n\n\n<h1 style=\"text-align: left;\"><span style=\"color: #1f3e7c;\">Vest\u00edbulos y escaleras<\/span><\/h1>\n\n\n\n<p class=\"has-text-align-left\"><em><span style=\"color:#1f3e7c\" class=\"has-inline-color\">El acceso a tu vivienda.<\/span><\/em><\/p>\n<\/div>\n\n\n\n<div class=\"wp-block-column is-layout-flow wp-block-column-is-layout-flow\" style=\"flex-basis:0.1%\"><\/div>\n\n\n\n<div class=\"wp-block-column is-layout-flow wp-block-column-is-layout-flow\" style=\"flex-basis:71.59%\">\n<div class=\"wp-block-image\"><figure class=\"alignleft size-large\"><img loading=\"lazy\" decoding=\"async\" width=\"1024\" height=\"243\" src=\"https:\/\/www.frima.cat\/frima\/wp-content\/uploads\/2020\/12\/mix_3D_difuminado-1024x243.png\" alt=\"\" class=\"wp-image-2245\" srcset=\"https:\/\/www.frima.cat\/frima\/wp-content\/uploads\/2020\/12\/mix_3D_difuminado-1024x243.png 1024w, https:\/\/www.frima.cat\/frima\/wp-content\/uploads\/2020\/12\/mix_3D_difuminado-300x71.png 300w, https:\/\/www.frima.cat\/frima\/wp-content\/uploads\/2020\/12\/mix_3D_difuminado-768x182.png 768w, https:\/\/www.frima.cat\/frima\/wp-content\/uploads\/2020\/12\/mix_3D_difuminado-600x142.png 600w, https:\/\/www.frima.cat\/frima\/wp-content\/uploads\/2020\/12\/mix_3D_difuminado.png 1388w\" sizes=\"auto, (max-width: 1024px) 100vw, 1024px\" \/><\/figure><\/div>\n\n\n\n<p><\/p>\n<\/div>\n<\/div>\n\n\n\n<div class=\"wp-block-columns is-layout-flex wp-container-core-columns-is-layout-9d6595d7 wp-block-columns-is-layout-flex\">\n<div class=\"wp-block-column is-layout-flow wp-block-column-is-layout-flow\" style=\"flex-basis:40%\">\n<div style=\"height:19px\" aria-hidden=\"true\" class=\"wp-block-spacer\"><\/div>\n\n\n\n<div class=\"wp-block-image\"><figure class=\"aligncenter size-large is-resized\"><img loading=\"lazy\" decoding=\"async\" src=\"https:\/\/www.frima.cat\/frima\/wp-content\/uploads\/2020\/12\/elementos_veticales_2.png\" alt=\"\" class=\"wp-image-2174\" width=\"300\" height=\"437\"\/><\/figure><\/div>\n\n\n\n<p style=\"text-align: center;\"><a href=\"https:\/\/www.frima.cat\/frima\/obras-realizadas\/vestibulos-y-escaleras\/\"><span style=\"color: #1f3e7c;\">Ver VEST\u00cdBULOS Y ESCALERAS REHABILITADOS \u27a1<\/span><\/a><\/p>\n<\/div>\n\n\n\n<div class=\"wp-block-column is-layout-flow wp-block-column-is-layout-flow\">\n<h6><strong><span style=\"color: #1e3460;\">D<span style=\"color: #1f3e7c;\">ESCRIPCI\u00d3N<\/span><\/span><\/strong><\/h6>\n<p><span style=\"color: #1f3e7c;\">Los espacios comunitarios interiores de comunicaci\u00f3n y accesos de un edificio conforman un conjunto con identidad propia que, como el resto del edificio, se debe ir manteniendo y conservando.<\/span><br \/><span style=\"color: #1f3e7c;\">En muchos casos, sobre todo en edificios centenarios, estos espacios constituyen verdaderas joyas arquitect\u00f3nicas, que a menudo llegan a ser catalogadas por entidades gubernamentales.<\/span><\/p>\n<p>\u00a0<\/p>\n<h6><strong><span style=\"color: #1f3e7c;\">PATOLOG\u00cdAS Y SOLUCIONES HABITUALES<\/span><\/strong><\/h6>\n<p><span style=\"color: #1f3e7c;\">Estos espacios pueden tener diversas patolog\u00edas, tanto estructurales como de acabados, en la mayor\u00eda de casos debido al desgaste provocado por el uso.<\/span><br \/><span style=\"color: #1f3e7c;\">Muchas veces puede darse el caso de que a lo largo de la vida del edificio estos espacios hayan sufrido diferentes intervenciones que los hayan desvirtuado.<\/span><\/p>\n<p><span style=\"color: #1f3e7c;\">Tambi\u00e9n es habitual que estos espacios originalmente no tuvieran en cuenta temas de accesibilidad para personas con movilidad reducida, y que por motivos funcionales y de normativa se deban adaptar, instalando ascensores, colocando rampas adaptadas, elevadores, etc.<\/span><\/p>\n<\/div>\n<\/div>\n\n\n\n<div class=\"wp-block-columns is-layout-flex wp-container-core-columns-is-layout-9d6595d7 wp-block-columns-is-layout-flex\">\n<div class=\"wp-block-column is-layout-flow wp-block-column-is-layout-flow\">\n<h6><span style=\"color: #1f3e7c;\"><strong>Recuperaci\u00f3n de estucos<\/strong><\/span><\/h6>\n<p><span style=\"color: #1f3e7c;\">Bien sea por desgaste de uso, como por intervenciones sucesivas, estucos originales en edificios de cierta antig\u00fcedad pueden haber acabado quedando cubiertos por enyesados y pinturas m\u00e1s recientes.<\/span><br><span style=\"color: #1f3e7c;\">Desde un punto de vista tanto hist\u00f3rico como art\u00edstico, es importante recuperar estos elementos ornamentales, que en conjunto constituyen un importante patrimonio.<\/span><\/p>\n<p><span style=\"color: #1f3e7c;\">As\u00ed se ha entendido tambi\u00e9n desde la administraci\u00f3n p\u00fablica, que promueve mediante la legislaci\u00f3n la recuperaci\u00f3n de estos elementos.<\/span><br><span style=\"color: #1f3e7c;\">Para hacerlo posible, primero se deben retirar los estratos que recubren el estuco original, sin estropearlo, para despu\u00e9s limpiarlo, repararlo y protegerlo mediante procedimientos espec\u00edficos. Estas tareas deben ser llevadas a cabo por personal especializado. Por ello disponemos de diplomados en Conservaci\u00f3n y Restauraci\u00f3n de Bienes Culturales.<\/span><\/p>\n<p><\/p>\n<h6><span style=\"color: #1f3e7c;\"><strong>Supresi\u00f3n de barreras arquitect\u00f3nicas<\/strong><\/span><\/h6>\n<p><span style=\"color: #1f3e7c;\">Por un tema de sensibilidad, nos esforzamos para integrar sistemas que faciliten el acceso de personas con movilidad reducida a los edificios. Estos sistemas deben ser correctamente integrados, teniendo en cuenta normativas legales, sensibilidad arquitect\u00f3nica, y pericia en su dise\u00f1o.<\/span><\/p>\n<p><\/p>\n<h6><span style=\"color: #1f3e7c;\"><strong>Humedades por capilaridad<\/strong><\/span><\/h6>\n<p><span style=\"color: #1f3e7c;\">En aquellos vest\u00edbulos que est\u00e1n en contacto con el terreno, es muy frecuente que las paredes presenten manchas de humedad, con eflorescencias de sales y hasta hongos que degradan su acabado. El agua presente en el terreno sube a trav\u00e9s de los poros de las paredes a causa de un fen\u00f3meno f\u00edsico llamado \u201ccapilaridad\u201d.<\/span><br><span style=\"color: #1f3e7c;\">Para parar este proceso hay diversas opciones que pueden llegar a utilizarse complementariamente.<\/span><\/p>\n<p><span style=\"color: #1f3e7c;\">Una de ellas es la barrera qu\u00edmica: se satura el muro que presenta humedades a trav\u00e9s de perforaciones realizadas en su parte baja a distancias regulares, de productos l\u00edquidos que, al secarse, sellan todos los poros del material, impidiendo que este fen\u00f3meno se pueda volver a producir.<\/span><br><span style=\"color: #1f3e7c;\">Otra ser\u00eda la formaci\u00f3n de una zanja de ventilaci\u00f3n perimetral, haciendo que la humedad presente en el muro evapore antes de que siga subiendo y se haga presente en alturas superiores.<\/span><\/p>\n<p><\/p>\n<p style=\"padding-left: 760px;\"><\/p>\n<\/div>\n<\/div>\n","protected":false},"excerpt":{"rendered":"<p>El acceso a tu vivienda. <\/p>\n","protected":false},"author":2,"featured_media":2104,"parent":1409,"menu_order":0,"comment_status":"closed","ping_status":"closed","template":"","meta":{"footnotes":""},"class_list":["post-2076","page","type-page","status-publish","has-post-thumbnail","hentry"],"_links":{"self":[{"href":"https:\/\/www.frima.cat\/frima\/wp-json\/wp\/v2\/pages\/2076","targetHints":{"allow":["GET"]}}],"collection":[{"href":"https:\/\/www.frima.cat\/frima\/wp-json\/wp\/v2\/pages"}],"about":[{"href":"https:\/\/www.frima.cat\/frima\/wp-json\/wp\/v2\/types\/page"}],"author":[{"embeddable":true,"href":"https:\/\/www.frima.cat\/frima\/wp-json\/wp\/v2\/users\/2"}],"replies":[{"embeddable":true,"href":"https:\/\/www.frima.cat\/frima\/wp-json\/wp\/v2\/comments?post=2076"}],"version-history":[{"count":21,"href":"https:\/\/www.frima.cat\/frima\/wp-json\/wp\/v2\/pages\/2076\/revisions"}],"predecessor-version":[{"id":3007,"href":"https:\/\/www.frima.cat\/frima\/wp-json\/wp\/v2\/pages\/2076\/revisions\/3007"}],"up":[{"embeddable":true,"href":"https:\/\/www.frima.cat\/frima\/wp-json\/wp\/v2\/pages\/1409"}],"wp:featuredmedia":[{"embeddable":true,"href":"https:\/\/www.frima.cat\/frima\/wp-json\/wp\/v2\/media\/2104"}],"wp:attachment":[{"href":"https:\/\/www.frima.cat\/frima\/wp-json\/wp\/v2\/media?parent=2076"}],"curies":[{"name":"wp","href":"https:\/\/api.w.org\/{rel}","templated":true}]}}