{"id":3,"date":"2020-10-25T11:15:46","date_gmt":"2020-10-25T11:15:46","guid":{"rendered":"http:\/\/www.frima.cat\/frima\/?page_id=3"},"modified":"2022-03-15T16:51:15","modified_gmt":"2022-03-15T16:51:15","slug":"claraboyas","status":"publish","type":"page","link":"https:\/\/www.frima.cat\/frima\/nuestros-servicios\/claraboyas\/","title":{"rendered":"Claraboyas"},"content":{"rendered":"\n<div class=\"wp-block-columns is-layout-flex wp-container-core-columns-is-layout-9d6595d7 wp-block-columns-is-layout-flex\">\n<div class=\"wp-block-column is-layout-flow wp-block-column-is-layout-flow\" style=\"flex-basis:-5.41%\"><\/div>\n\n\n\n<div class=\"wp-block-column is-layout-flow wp-block-column-is-layout-flow\" style=\"flex-basis:19%\">\n<div style=\"height:101px\" aria-hidden=\"true\" class=\"wp-block-spacer\"><\/div>\n\n\n\n<h1 style=\"text-align: left;\"><span style=\"color: #1f3e7c;\">Claraboyas<\/span><\/h1>\n\n\n\n<p class=\"has-text-align-left\"><span style=\"color:#1e3460\" class=\"has-inline-color\"><em>Aprovecha la luz natural.<\/em><\/span><\/p>\n<\/div>\n\n\n\n<div class=\"wp-block-column is-layout-flow wp-block-column-is-layout-flow\" style=\"flex-basis:1%\"><\/div>\n\n\n\n<div class=\"wp-block-column is-layout-flow wp-block-column-is-layout-flow\" style=\"flex-basis:71.59%\">\n<div class=\"wp-block-image\"><figure class=\"alignleft size-large\"><img loading=\"lazy\" decoding=\"async\" width=\"1024\" height=\"243\" src=\"https:\/\/www.frima.cat\/frima\/wp-content\/uploads\/2020\/12\/mix_3D_difuminado-1024x243.png\" alt=\"\" class=\"wp-image-2245\" srcset=\"https:\/\/www.frima.cat\/frima\/wp-content\/uploads\/2020\/12\/mix_3D_difuminado-1024x243.png 1024w, https:\/\/www.frima.cat\/frima\/wp-content\/uploads\/2020\/12\/mix_3D_difuminado-300x71.png 300w, https:\/\/www.frima.cat\/frima\/wp-content\/uploads\/2020\/12\/mix_3D_difuminado-768x182.png 768w, https:\/\/www.frima.cat\/frima\/wp-content\/uploads\/2020\/12\/mix_3D_difuminado-600x142.png 600w, https:\/\/www.frima.cat\/frima\/wp-content\/uploads\/2020\/12\/mix_3D_difuminado.png 1388w\" sizes=\"auto, (max-width: 1024px) 100vw, 1024px\" \/><\/figure><\/div>\n\n\n\n<p><\/p>\n<\/div>\n<\/div>\n\n\n\n<div class=\"wp-block-columns is-layout-flex wp-container-core-columns-is-layout-9d6595d7 wp-block-columns-is-layout-flex\">\n<div class=\"wp-block-column is-layout-flow wp-block-column-is-layout-flow\" style=\"flex-basis:48%\">\n<figure class=\"wp-block-gallery columns-0 is-cropped wp-block-gallery-2 is-layout-flex wp-block-gallery-is-layout-flex\"><ul class=\"blocks-gallery-grid\"><li class=\"blocks-gallery-item\"><figure><a href=\"https:\/\/www.frima.cat\/frima\/wp-content\/uploads\/2021\/03\/claraboya_azul.jpg\"><img loading=\"lazy\" decoding=\"async\" width=\"534\" height=\"673\" src=\"https:\/\/www.frima.cat\/frima\/wp-content\/uploads\/2021\/03\/claraboya_azul.jpg\" alt=\"\" data-id=\"3354\" data-full-url=\"https:\/\/www.frima.cat\/frima\/wp-content\/uploads\/2021\/03\/claraboya_azul.jpg\" data-link=\"https:\/\/www.frima.cat\/frima\/nuestros-servicios\/claraboyas\/claraboya_azul\/\" class=\"wp-image-3354\" srcset=\"https:\/\/www.frima.cat\/frima\/wp-content\/uploads\/2021\/03\/claraboya_azul.jpg 534w, https:\/\/www.frima.cat\/frima\/wp-content\/uploads\/2021\/03\/claraboya_azul-238x300.jpg 238w\" sizes=\"auto, (max-width: 534px) 100vw, 534px\" \/><\/a><\/figure><\/li><\/ul><\/figure>\n\n\n\n<p style=\"text-align: center;\"><a href=\"https:\/\/www.frima.cat\/frima\/obras-realizadas\/claraboyas\/\">Ver CLARABOYAS REALIZADAS <span style=\"color: #1f3e7c;\"><\/span><\/a><a style=\"color: #1f3e7c;\" href=\"https:\/\/www.frima.cat\/frima\/obras-realizadas\/instalaciones\/\">\u27a1<\/a><\/p>\n<\/div>\n\n\n\n<div class=\"wp-block-column is-layout-flow wp-block-column-is-layout-flow\" style=\"flex-basis:50.4%\">\n<div style=\"height:20px\" aria-hidden=\"true\" class=\"wp-block-spacer\"><\/div>\n\n\n\n<div style=\"height:90px\" aria-hidden=\"true\" class=\"wp-block-spacer\"><\/div>\n\n\n\n<h6><span style=\"color: #1e3460;\"><strong>DESCRIPCI\u00d3N<\/strong><\/span><\/h6>\n<p><span style=\"color: #1e3460;\">Hueco abierto en el techo o parte alta de las paredes, cerrada con vidrio o policarbonato que se utiliza para proporcionar luz natural y\/o ventilar un espacio. Tambi\u00e9n llamado tragaluz o lucernario. Igualmente se pueden encontrar en el suelo de una terraza para proporcionar igualmente luz a un s\u00f3tano, parquin o espacio cerrado.<\/span><\/p>\n<p><\/p>\n<h6><span style=\"color: #1e3460;\"><strong>CARACTER\u00cdSTICAS T\u00c9CNICAS<\/strong><\/span><\/h6>\n<p><span style=\"color: #1e3460;\">Constan de una estructura de soporte con perfiles tubulares galvanizados de 60&#215;40\/60x60x1.50 cm.<\/span><\/p>\n<p><span style=\"color: #1e3460;\">Los anclajes se hacen mediante pletinas y tornillos de resina epoxi.<\/span><\/p>\n<p><span style=\"color: #1e3460;\">El cerramiento puede ser de vidrio laminado 4+4, 5+5 o 6+6 trasparente y\/o trasl\u00facido o placa de policarbonato 10\/16 mm de grueso, fijada con perfiles de aluminio, as\u00ed como una tapa y remates perimetrales de chapa de aluminio.<\/span><\/p>\n<\/div>\n<\/div>\n\n\n\n<div class=\"wp-block-columns is-layout-flex wp-container-core-columns-is-layout-9d6595d7 wp-block-columns-is-layout-flex\">\n<div class=\"wp-block-column is-layout-flow wp-block-column-is-layout-flow\">\n<h6><span style=\"color: #1e3460;\"><strong>APLICACIONES<\/strong><\/span><\/h6>\n<p style=\"padding-left: 40px;\"><span style=\"color: #1e3460;\">-Caja de escalera<\/span><\/p>\n<p style=\"padding-left: 40px;\"><span style=\"color: #1e3460;\">-Patios de luces<\/span><\/p>\n<p style=\"padding-left: 40px;\"><span style=\"color: #1e3460;\">-Ventilaci\u00f3n parquin<\/span><\/p>\n<p style=\"padding-left: 40px;\"><span style=\"color: #1e3460;\">-Techos de terrados y\/o terrazas de entresuelo<\/span><\/p>\n<p style=\"padding-left: 40px;\"><span style=\"color: #1e3460;\">-P\u00e9rgolas<\/span><\/p>\n<p style=\"padding-left: 40px;\"><span style=\"color: #1e3460;\">-Cerramientos diversos.<\/span><\/p>\n<\/div>\n\n\n\n<div class=\"wp-block-column is-layout-flow wp-block-column-is-layout-flow\">\n<h6><span style=\"color: #1e3460;\"><strong>VENTAJAS<\/strong><\/span><\/h6>\n<p style=\"padding-left: 40px;\"><span style=\"color: #1e3460;\">-Instalaci\u00f3n r\u00e1pida y segura<\/span><\/p>\n<p style=\"padding-left: 40px;\"><span style=\"color: #1e3460;\">-Dise\u00f1o est\u00e9tico y vers\u00e1til<\/span><\/p>\n<p style=\"padding-left: 40px;\"><span style=\"color: #1e3460;\">-Permiten m\u00e1xima transmisi\u00f3n de luz y proporcionan aislamiento t\u00e9rmico<\/span><\/p>\n<p style=\"padding-left: 40px;\"><span style=\"color: #1e3460;\">-Fabricadas con materiales de gran resistencia a las diferentes condiciones&nbsp; clim\u00e1ticas.<\/span><\/p>\n<p style=\"padding-left: 40px;\"><span style=\"color: #1e3460;\">-No necesitan mantenimiento ni dedicaci\u00f3n posterior.<\/span><\/p>\n<\/div>\n<\/div>\n\n\n\n<figure class=\"wp-block-gallery columns-2 is-cropped wp-block-gallery-3 is-layout-flex wp-block-gallery-is-layout-flex\"><ul class=\"blocks-gallery-grid\"><li class=\"blocks-gallery-item\"><figure><a href=\"https:\/\/www.frima.cat\/frima\/wp-content\/uploads\/2021\/02\/Caraboya_editada-scaled.jpg\"><img loading=\"lazy\" decoding=\"async\" width=\"1024\" height=\"417\" src=\"https:\/\/www.frima.cat\/frima\/wp-content\/uploads\/2021\/02\/Caraboya_editada-1024x417.jpg\" alt=\"\" data-id=\"3280\" data-full-url=\"https:\/\/www.frima.cat\/frima\/wp-content\/uploads\/2021\/02\/Caraboya_editada-scaled.jpg\" data-link=\"https:\/\/www.frima.cat\/frima\/nuestros-servicios\/claraboyas\/caraboya_editada\/\" class=\"wp-image-3280\" srcset=\"https:\/\/www.frima.cat\/frima\/wp-content\/uploads\/2021\/02\/Caraboya_editada-1024x417.jpg 1024w, https:\/\/www.frima.cat\/frima\/wp-content\/uploads\/2021\/02\/Caraboya_editada-300x122.jpg 300w, https:\/\/www.frima.cat\/frima\/wp-content\/uploads\/2021\/02\/Caraboya_editada-768x313.jpg 768w, https:\/\/www.frima.cat\/frima\/wp-content\/uploads\/2021\/02\/Caraboya_editada-1536x625.jpg 1536w, https:\/\/www.frima.cat\/frima\/wp-content\/uploads\/2021\/02\/Caraboya_editada-2048x833.jpg 2048w, https:\/\/www.frima.cat\/frima\/wp-content\/uploads\/2021\/02\/Caraboya_editada-600x244.jpg 600w\" sizes=\"auto, (max-width: 1024px) 100vw, 1024px\" \/><\/a><\/figure><\/li><li class=\"blocks-gallery-item\"><figure><a href=\"https:\/\/www.frima.cat\/frima\/wp-content\/uploads\/2021\/02\/Caraboya_editada_vidrio-1-scaled.jpg\"><img loading=\"lazy\" decoding=\"async\" width=\"1024\" height=\"417\" src=\"https:\/\/www.frima.cat\/frima\/wp-content\/uploads\/2021\/02\/Caraboya_editada_vidrio-1-1024x417.jpg\" alt=\"\" data-id=\"3287\" data-full-url=\"https:\/\/www.frima.cat\/frima\/wp-content\/uploads\/2021\/02\/Caraboya_editada_vidrio-1-scaled.jpg\" data-link=\"https:\/\/www.frima.cat\/frima\/nuestros-servicios\/claraboyas\/caraboya_editada_vidrio-1\/\" class=\"wp-image-3287\" srcset=\"https:\/\/www.frima.cat\/frima\/wp-content\/uploads\/2021\/02\/Caraboya_editada_vidrio-1-1024x417.jpg 1024w, https:\/\/www.frima.cat\/frima\/wp-content\/uploads\/2021\/02\/Caraboya_editada_vidrio-1-300x122.jpg 300w, https:\/\/www.frima.cat\/frima\/wp-content\/uploads\/2021\/02\/Caraboya_editada_vidrio-1-768x313.jpg 768w, https:\/\/www.frima.cat\/frima\/wp-content\/uploads\/2021\/02\/Caraboya_editada_vidrio-1-1536x625.jpg 1536w, https:\/\/www.frima.cat\/frima\/wp-content\/uploads\/2021\/02\/Caraboya_editada_vidrio-1-2048x833.jpg 2048w, https:\/\/www.frima.cat\/frima\/wp-content\/uploads\/2021\/02\/Caraboya_editada_vidrio-1-600x244.jpg 600w\" sizes=\"auto, (max-width: 1024px) 100vw, 1024px\" \/><\/a><\/figure><\/li><\/ul><\/figure>\n","protected":false},"excerpt":{"rendered":"<p>Aprovecha la luz natural.<\/p>\n","protected":false},"author":1,"featured_media":3351,"parent":1409,"menu_order":0,"comment_status":"closed","ping_status":"open","template":"","meta":{"footnotes":""},"class_list":["post-3","page","type-page","status-publish","has-post-thumbnail","hentry"],"_links":{"self":[{"href":"https:\/\/www.frima.cat\/frima\/wp-json\/wp\/v2\/pages\/3","targetHints":{"allow":["GET"]}}],"collection":[{"href":"https:\/\/www.frima.cat\/frima\/wp-json\/wp\/v2\/pages"}],"about":[{"href":"https:\/\/www.frima.cat\/frima\/wp-json\/wp\/v2\/types\/page"}],"author":[{"embeddable":true,"href":"https:\/\/www.frima.cat\/frima\/wp-json\/wp\/v2\/users\/1"}],"replies":[{"embeddable":true,"href":"https:\/\/www.frima.cat\/frima\/wp-json\/wp\/v2\/comments?post=3"}],"version-history":[{"count":28,"href":"https:\/\/www.frima.cat\/frima\/wp-json\/wp\/v2\/pages\/3\/revisions"}],"predecessor-version":[{"id":3901,"href":"https:\/\/www.frima.cat\/frima\/wp-json\/wp\/v2\/pages\/3\/revisions\/3901"}],"up":[{"embeddable":true,"href":"https:\/\/www.frima.cat\/frima\/wp-json\/wp\/v2\/pages\/1409"}],"wp:featuredmedia":[{"embeddable":true,"href":"https:\/\/www.frima.cat\/frima\/wp-json\/wp\/v2\/media\/3351"}],"wp:attachment":[{"href":"https:\/\/www.frima.cat\/frima\/wp-json\/wp\/v2\/media?parent=3"}],"curies":[{"name":"wp","href":"https:\/\/api.w.org\/{rel}","templated":true}]}}