{"id":434,"date":"2014-03-17T18:16:08","date_gmt":"2014-03-17T18:16:08","guid":{"rendered":"http:\/\/demo.themegrill.com\/spacious\/?page_id=19"},"modified":"2021-03-29T14:59:40","modified_gmt":"2021-03-29T14:59:40","slug":"metalisteria","status":"publish","type":"page","link":"https:\/\/www.frima.cat\/frima\/nuestros-servicios\/metalisteria\/","title":{"rendered":"Metalister\u00eda"},"content":{"rendered":"\n<div class=\"wp-block-columns is-layout-flex wp-container-core-columns-is-layout-9d6595d7 wp-block-columns-is-layout-flex\">\n<div class=\"wp-block-column is-layout-flow wp-block-column-is-layout-flow\" style=\"flex-basis:-5.41%\"><\/div>\n\n\n\n<div class=\"wp-block-column is-layout-flow wp-block-column-is-layout-flow\" style=\"flex-basis:19%\">\n<div style=\"height:101px\" aria-hidden=\"true\" class=\"wp-block-spacer\"><\/div>\n\n\n\n<h1 style=\"text-align: left;\"><span style=\"color: #1f3e7c;\">Metalister\u00eda<\/span><\/h1>\n\n\n\n<p class=\"has-text-align-left\"><\/p>\n<\/div>\n\n\n\n<div class=\"wp-block-column is-layout-flow wp-block-column-is-layout-flow\" style=\"flex-basis:1%\"><\/div>\n\n\n\n<div class=\"wp-block-column is-layout-flow wp-block-column-is-layout-flow\" style=\"flex-basis:71.59%\">\n<div class=\"wp-block-image\"><figure class=\"alignleft size-large\"><img loading=\"lazy\" decoding=\"async\" width=\"1024\" height=\"243\" src=\"https:\/\/www.frima.cat\/frima\/wp-content\/uploads\/2020\/12\/mix_3D_difuminado-1024x243.png\" alt=\"\" class=\"wp-image-2245\" srcset=\"https:\/\/www.frima.cat\/frima\/wp-content\/uploads\/2020\/12\/mix_3D_difuminado-1024x243.png 1024w, https:\/\/www.frima.cat\/frima\/wp-content\/uploads\/2020\/12\/mix_3D_difuminado-300x71.png 300w, https:\/\/www.frima.cat\/frima\/wp-content\/uploads\/2020\/12\/mix_3D_difuminado-768x182.png 768w, https:\/\/www.frima.cat\/frima\/wp-content\/uploads\/2020\/12\/mix_3D_difuminado-600x142.png 600w, https:\/\/www.frima.cat\/frima\/wp-content\/uploads\/2020\/12\/mix_3D_difuminado.png 1388w\" sizes=\"auto, (max-width: 1024px) 100vw, 1024px\" \/><\/figure><\/div>\n\n\n\n<p><\/p>\n<\/div>\n<\/div>\n\n\n\n<div class=\"wp-block-columns is-layout-flex wp-container-core-columns-is-layout-9d6595d7 wp-block-columns-is-layout-flex\">\n<div class=\"wp-block-column is-layout-flow wp-block-column-is-layout-flow\" style=\"flex-basis:36%\">\n<figure class=\"wp-block-image size-large is-resized\"><img loading=\"lazy\" decoding=\"async\" src=\"https:\/\/www.frima.cat\/frima\/wp-content\/uploads\/2021\/02\/barandilla_2.jpg\" alt=\"\" class=\"wp-image-3309\" width=\"354\" height=\"337\"\/><\/figure>\n<\/div>\n\n\n\n<div class=\"wp-block-column is-layout-flow wp-block-column-is-layout-flow\" style=\"flex-basis:57.6%\">\n<h6><span style=\"color: #1f3e7c;\"><strong>BARANDILLAS Y SEPARADORES MET\u00c1LICOS<\/strong><\/span><\/h6>\n<p><span style=\"color: #1f3e7c;\">La barandilla constituye un elemento de protecci\u00f3n o separaci\u00f3n de estructura ligera que sigue el per\u00edmetro de la misma con una altura constante, permitiendo apoyarse gracias a su travesa\u00f1o superior y cierre inferior. En la zona central hay variedad de acabados, <strong>acero inoxidable<\/strong>, <strong>aluminio<\/strong> e <strong>hierro<\/strong> con diferentes dise\u00f1os:<\/span><\/p>\n<p style=\"padding-left: 40px;\"><span style=\"color: #1f3e7c;\">&#8211; Barrotes<\/span><\/p>\n<p style=\"padding-left: 40px;\"><span style=\"color: #1f3e7c;\">&#8211; Vidrio<\/span><\/p>\n<p style=\"padding-left: 40px;\"><span style=\"color: #1f3e7c;\">&#8211; Combinado barrote y vidrio<\/span><\/p>\n<p style=\"padding-left: 40px;\"><span style=\"color: #1f3e7c;\">&#8211; Chapa met\u00e1lica<\/span><\/p>\n<p><span style=\"color: #1f3e7c;\">El Anclaje a la base del balc\u00f3n fijado sobre pletina para impedir la filtraci\u00f3n de agua con torniller\u00eda de acero inoxidable y resina Epoxi o con el mismo tipo de fijaci\u00f3n, en el canto del forjado.<\/span><\/p>\n<\/div>\n<\/div>\n\n\n\n<div style=\"height:20px\" aria-hidden=\"true\" class=\"wp-block-spacer\"><\/div>\n\n\n\n<div class=\"wp-block-columns is-layout-flex wp-container-core-columns-is-layout-9d6595d7 wp-block-columns-is-layout-flex\">\n<div class=\"wp-block-column is-layout-flow wp-block-column-is-layout-flow\" style=\"flex-basis:0.7%\"><\/div>\n\n\n\n<div class=\"wp-block-column is-layout-flow wp-block-column-is-layout-flow\" style=\"flex-basis:35.4%\">\n<figure class=\"wp-block-image size-large is-resized\"><img loading=\"lazy\" decoding=\"async\" src=\"https:\/\/www.frima.cat\/frima\/wp-content\/uploads\/2021\/03\/puerta.jpg\" alt=\"\" class=\"wp-image-3318\" width=\"333\" height=\"433\" srcset=\"https:\/\/www.frima.cat\/frima\/wp-content\/uploads\/2021\/03\/puerta.jpg 768w, https:\/\/www.frima.cat\/frima\/wp-content\/uploads\/2021\/03\/puerta-230x300.jpg 230w, https:\/\/www.frima.cat\/frima\/wp-content\/uploads\/2021\/03\/puerta-600x781.jpg 600w\" sizes=\"auto, (max-width: 333px) 100vw, 333px\" \/><\/figure>\n\n\n\n<div style=\"height:25px\" aria-hidden=\"true\" class=\"wp-block-spacer\"><\/div>\n\n\n\n<p style=\"text-align: center;\"><a href=\"https:\/\/www.frima.cat\/frima\/obras-realizadas\/metaliteria-barandillas\/\"><span style=\"color: #1f3e7c;\">\u27a1Ver fotos realizados METALISTER\u00cdA<\/span><\/a><\/p>\n<\/div>\n\n\n\n<div class=\"wp-block-column is-layout-flow wp-block-column-is-layout-flow\" style=\"flex-basis:66.5%\">\n<div style=\"height:72px\" aria-hidden=\"true\" class=\"wp-block-spacer\"><\/div>\n\n\n\n<h6><strong><span style=\"color: #1f3e7c;\">PUERTAS DE ENTRADA<\/span><\/strong><\/h6>\n<p><span style=\"color: #1f3e7c;\">La puerta de entrada es una estructura que contribuye a la seguridad del edificio. Puede ser de los siguientes materiales:<\/span><\/p>\n<p style=\"padding-left: 40px;\"><span style=\"color: #1f3e7c;\">&#8211; Acero lacado al horno tipo forja<\/span><\/p>\n<p style=\"padding-left: 40px;\"><span style=\"color: #1f3e7c;\">&#8211; Aluminio<\/span><\/p>\n<p style=\"padding-left: 40px;\"><span style=\"color: #1f3e7c;\">&#8211; Acero inoxidable<\/span><\/p>\n<p><span style=\"color: #1f3e7c;\">Dise\u00f1amos y fabricamos puertas de edificio a necesidad del cliente, lisa, con reja decorativa etc. , todas con cerradura de seguridad.<\/span><\/p>\n\n\n\n<p><\/p>\n<\/div>\n<\/div>\n","protected":false},"excerpt":{"rendered":"<p>Barandillas, puertas y cualquier tipo de estructura met\u00e1lica. <\/p>\n","protected":false},"author":1,"featured_media":3317,"parent":1409,"menu_order":0,"comment_status":"closed","ping_status":"closed","template":"","meta":{"footnotes":""},"class_list":["post-434","page","type-page","status-publish","has-post-thumbnail","hentry"],"_links":{"self":[{"href":"https:\/\/www.frima.cat\/frima\/wp-json\/wp\/v2\/pages\/434","targetHints":{"allow":["GET"]}}],"collection":[{"href":"https:\/\/www.frima.cat\/frima\/wp-json\/wp\/v2\/pages"}],"about":[{"href":"https:\/\/www.frima.cat\/frima\/wp-json\/wp\/v2\/types\/page"}],"author":[{"embeddable":true,"href":"https:\/\/www.frima.cat\/frima\/wp-json\/wp\/v2\/users\/1"}],"replies":[{"embeddable":true,"href":"https:\/\/www.frima.cat\/frima\/wp-json\/wp\/v2\/comments?post=434"}],"version-history":[{"count":37,"href":"https:\/\/www.frima.cat\/frima\/wp-json\/wp\/v2\/pages\/434\/revisions"}],"predecessor-version":[{"id":3680,"href":"https:\/\/www.frima.cat\/frima\/wp-json\/wp\/v2\/pages\/434\/revisions\/3680"}],"up":[{"embeddable":true,"href":"https:\/\/www.frima.cat\/frima\/wp-json\/wp\/v2\/pages\/1409"}],"wp:featuredmedia":[{"embeddable":true,"href":"https:\/\/www.frima.cat\/frima\/wp-json\/wp\/v2\/media\/3317"}],"wp:attachment":[{"href":"https:\/\/www.frima.cat\/frima\/wp-json\/wp\/v2\/media?parent=434"}],"curies":[{"name":"wp","href":"https:\/\/api.w.org\/{rel}","templated":true}]}}