{"id":552,"date":"2020-10-26T16:28:57","date_gmt":"2020-10-26T16:28:57","guid":{"rendered":"http:\/\/www.frima.cat\/frima\/?page_id=552"},"modified":"2023-01-23T12:34:44","modified_gmt":"2023-01-23T12:34:44","slug":"sistema-revimca","status":"publish","type":"page","link":"https:\/\/www.frima.cat\/frima\/impermeabilizaciones\/sistema-revimca\/","title":{"rendered":"Sistema REVIMCA"},"content":{"rendered":"\n<div class=\"wp-block-columns is-layout-flex wp-container-core-columns-is-layout-9d6595d7 wp-block-columns-is-layout-flex\">\n<div class=\"wp-block-column is-layout-flow wp-block-column-is-layout-flow\" style=\"flex-basis:3%\"><\/div>\n\n\n\n<div class=\"wp-block-column is-layout-flow wp-block-column-is-layout-flow\">\n<figure class=\"wp-block-image size-large is-resized\"><img loading=\"lazy\" decoding=\"async\" src=\"https:\/\/www.frima.cat\/frima\/wp-content\/uploads\/2020\/12\/revimca-sin-obras-1024x516.jpg\" alt=\"\" class=\"wp-image-1772\" width=\"453\" height=\"227\" srcset=\"https:\/\/www.frima.cat\/frima\/wp-content\/uploads\/2020\/12\/revimca-sin-obras-1024x516.jpg 1024w, https:\/\/www.frima.cat\/frima\/wp-content\/uploads\/2020\/12\/revimca-sin-obras-300x151.jpg 300w, https:\/\/www.frima.cat\/frima\/wp-content\/uploads\/2020\/12\/revimca-sin-obras-768x387.jpg 768w, https:\/\/www.frima.cat\/frima\/wp-content\/uploads\/2020\/12\/revimca-sin-obras-1536x774.jpg 1536w, https:\/\/www.frima.cat\/frima\/wp-content\/uploads\/2020\/12\/revimca-sin-obras-600x302.jpg 600w, https:\/\/www.frima.cat\/frima\/wp-content\/uploads\/2020\/12\/revimca-sin-obras.jpg 1863w\" sizes=\"auto, (max-width: 453px) 100vw, 453px\" \/><\/figure>\n<\/div>\n\n\n\n<div class=\"wp-block-column is-layout-flow wp-block-column-is-layout-flow\">\n<div style=\"height:76px\" aria-hidden=\"true\" class=\"wp-block-spacer\"><\/div>\n\n\n\n<h1><span style=\"color: #1f3e7c;\">Sistema REVIMCA<\/span><\/h1>\n<p><span style=\"color: #1f3e7c;\">Impermeabilizaci\u00f3n ideal para cubiertas planas, sistema m\u00e1s econ\u00f3mico, SIN OBRAS y con garant\u00eda de 10 a\u00f1os.&nbsp;<\/span><\/p>\n\n\n\n<p><\/p>\n<\/div>\n<\/div>\n\n\n<p><span style=\"color: #1f3e7c;\">La impermeabilizaci\u00f3n del sistema, se consigue con la aplicaci\u00f3n de sucesivas capas de caucho acr\u00edlico en estado acuoso, hasta conseguir un rendimiento de 3kg\/m\u00b2, intercalando un tejido de fibra-malla de vidrio MATT200 para dar resistencia y elasticidad, el acabado final se realiza mediante una capa de sellador de pavimentos.<\/span><br><span style=\"color: #1f3e7c;\">&#8211; El caucho acr\u00edlico est\u00e1 compuesto por copol\u00edmeros sint\u00e9ticos acr\u00edlicos que contienen acrilonitril, un l\u00edquido sint\u00e9tico utilizado tambi\u00e9n en la fabricaci\u00f3n de fibras resistentes a la luz solar y a los agentes atmosf\u00e9ricos. Penetra profundamente en fisuras y huecos adapt\u00e1ndose a los movimientos de dilataci\u00f3n y contracci\u00f3n sin agrietarse.<\/span><br><span style=\"color: #1f3e7c;\">&#8211; Comparada con otras soluciones, es m\u00e1s sencilla, r\u00e1pida y limpia, ya que no suele requerir el derribo total de sistemas existentes.<\/span><br><span style=\"color: #1f3e7c;\">&#8211; Su aplicaci\u00f3n en superficie, encima de pavimento, permite que tenga un mantenimiento muy sencillo, pudiendo detectar desperfectos a simple vista.<\/span><\/p>\n<p><\/p>\n<p style=\"text-align: center;\"><a href=\"#modo-de-trabajo-2\">Modo de trabajo \u27a1<\/a>&nbsp; &nbsp; &nbsp; &nbsp; &nbsp; &nbsp; &nbsp; &nbsp; &nbsp; &nbsp; &nbsp; &nbsp; &nbsp; &nbsp; &nbsp; &nbsp; &nbsp; &nbsp; &nbsp; &nbsp; &nbsp; &nbsp; &nbsp; &nbsp; &nbsp; &nbsp; &nbsp; &nbsp; &nbsp; &nbsp; &nbsp; &nbsp; &nbsp; &nbsp; &nbsp; &nbsp; &nbsp; &nbsp; &nbsp; &nbsp; &nbsp; &nbsp; &nbsp; &nbsp; &nbsp; &nbsp; &nbsp; &nbsp; <a href=\"https:\/\/www.frima.cat\/frima\/obras-realizadas\/cubiertas\/\">Fotos de cubiertas realizadas \u27a1<\/a><\/p>\n\n\n<div style=\"height:50px\" aria-hidden=\"true\" class=\"wp-block-spacer\"><\/div>\n\n\n\n<div class=\"wp-block-columns is-layout-flex wp-container-core-columns-is-layout-9d6595d7 wp-block-columns-is-layout-flex\">\n<div class=\"wp-block-column is-layout-flow wp-block-column-is-layout-flow\" style=\"flex-basis:5.8%\"><\/div>\n\n\n\n<div class=\"wp-block-column is-layout-flow wp-block-column-is-layout-flow\"><div id=\"metaslider-id-1140\" style=\"width: 100%; margin: 0 auto;\" class=\"ml-slider-3-108-0 metaslider metaslider-flex metaslider-1140 ml-slider has-carousel-mode ms-theme-default nav-hidden\" role=\"region\" aria-label=\"REVIMCA\" data-height=\"382\" data-width=\"510\">\n    <div id=\"metaslider_container_1140\">\n        <div id=\"metaslider_1140\">\n            <ul class='slides'>\n                <li style=\"display: none; width: 100%;\" class=\"slide-1152 ms-image \" aria-roledescription=\"slide\" data-date=\"2020-11-23 11:57:19\" data-filename=\"1-1-1.jpg\" data-slide-type=\"image\"><img loading=\"lazy\" decoding=\"async\" src=\"https:\/\/www.frima.cat\/frima\/wp-content\/uploads\/2020\/11\/1-1-1.jpg\" height=\"382\" width=\"510\" alt=\"\" class=\"slider-1140 slide-1152 msDefaultImage\" title=\"1 (1)\" \/><\/li>\n                <li style=\"display: none; width: 100%;\" class=\"slide-1153 ms-image \" aria-roledescription=\"slide\" data-date=\"2020-11-23 11:57:19\" data-filename=\"1-2.jpg\" data-slide-type=\"image\"><img loading=\"lazy\" decoding=\"async\" src=\"https:\/\/www.frima.cat\/frima\/wp-content\/uploads\/2020\/11\/1-2.jpg\" height=\"382\" width=\"510\" alt=\"\" class=\"slider-1140 slide-1153 msDefaultImage\" title=\"1 (2)\" \/><\/li>\n                <li style=\"display: none; width: 100%;\" class=\"slide-1154 ms-image \" aria-roledescription=\"slide\" data-date=\"2020-11-23 11:57:19\" data-filename=\"1-3.jpg\" data-slide-type=\"image\"><img loading=\"lazy\" decoding=\"async\" src=\"https:\/\/www.frima.cat\/frima\/wp-content\/uploads\/2020\/11\/1-3.jpg\" height=\"382\" width=\"510\" alt=\"\" class=\"slider-1140 slide-1154 msDefaultImage\" title=\"1 (3)\" \/><\/li>\n                <li style=\"display: none; width: 100%;\" class=\"slide-1155 ms-image \" aria-roledescription=\"slide\" data-date=\"2020-11-23 11:57:19\" data-filename=\"1-4.jpg\" data-slide-type=\"image\"><img loading=\"lazy\" decoding=\"async\" src=\"https:\/\/www.frima.cat\/frima\/wp-content\/uploads\/2020\/11\/1-4.jpg\" height=\"382\" width=\"510\" alt=\"\" class=\"slider-1140 slide-1155 msDefaultImage\" title=\"1 (4)\" \/><\/li>\n                <li style=\"display: none; width: 100%;\" class=\"slide-1156 ms-image \" aria-roledescription=\"slide\" data-date=\"2020-11-23 11:57:19\" data-filename=\"1-5.jpg\" data-slide-type=\"image\"><img loading=\"lazy\" decoding=\"async\" src=\"https:\/\/www.frima.cat\/frima\/wp-content\/uploads\/2020\/11\/1-5.jpg\" height=\"382\" width=\"510\" alt=\"\" class=\"slider-1140 slide-1156 msDefaultImage\" title=\"1 (5)\" \/><\/li>\n                <li style=\"display: none; width: 100%;\" class=\"slide-1157 ms-image \" aria-roledescription=\"slide\" data-date=\"2020-11-23 11:57:19\" data-filename=\"1-6.jpg\" data-slide-type=\"image\"><img loading=\"lazy\" decoding=\"async\" src=\"https:\/\/www.frima.cat\/frima\/wp-content\/uploads\/2020\/11\/1-6.jpg\" height=\"382\" width=\"510\" alt=\"\" class=\"slider-1140 slide-1157 msDefaultImage\" title=\"1 (6)\" \/><\/li>\n                <li style=\"display: none; width: 100%;\" class=\"slide-1158 ms-image \" aria-roledescription=\"slide\" data-date=\"2020-11-23 11:57:19\" data-filename=\"1-7.jpg\" data-slide-type=\"image\"><img loading=\"lazy\" decoding=\"async\" src=\"https:\/\/www.frima.cat\/frima\/wp-content\/uploads\/2020\/11\/1-7.jpg\" height=\"382\" width=\"510\" alt=\"\" class=\"slider-1140 slide-1158 msDefaultImage\" title=\"1 (7)\" \/><\/li>\n                <li style=\"display: none; width: 100%;\" class=\"slide-1159 ms-image \" aria-roledescription=\"slide\" data-date=\"2020-11-23 11:57:19\" data-filename=\"1-8-286x214.jpg\" data-slide-type=\"image\"><img loading=\"lazy\" decoding=\"async\" src=\"https:\/\/www.frima.cat\/frima\/wp-content\/uploads\/2020\/11\/1-8-286x214.jpg\" height=\"382\" width=\"510\" alt=\"\" class=\"slider-1140 slide-1159 msDefaultImage\" title=\"1 (8)\" \/><\/li>\n                <li style=\"display: none; width: 100%;\" class=\"slide-1160 ms-image \" aria-roledescription=\"slide\" data-date=\"2020-11-23 11:57:19\" data-filename=\"1-9.jpg\" data-slide-type=\"image\"><img loading=\"lazy\" decoding=\"async\" src=\"https:\/\/www.frima.cat\/frima\/wp-content\/uploads\/2020\/11\/1-9.jpg\" height=\"382\" width=\"510\" alt=\"\" class=\"slider-1140 slide-1160 msDefaultImage\" title=\"1 (9)\" \/><\/li>\n                <li style=\"display: none; width: 100%;\" class=\"slide-1161 ms-image \" aria-roledescription=\"slide\" data-date=\"2020-11-23 11:57:19\" data-filename=\"1-10.jpg\" data-slide-type=\"image\"><img loading=\"lazy\" decoding=\"async\" src=\"https:\/\/www.frima.cat\/frima\/wp-content\/uploads\/2020\/11\/1-10.jpg\" height=\"382\" width=\"510\" alt=\"\" class=\"slider-1140 slide-1161 msDefaultImage\" title=\"1 (10)\" \/><\/li>\n                <li style=\"display: none; width: 100%;\" class=\"slide-1162 ms-image \" aria-roledescription=\"slide\" data-date=\"2020-11-23 11:57:19\" data-filename=\"1-11.jpg\" data-slide-type=\"image\"><img loading=\"lazy\" decoding=\"async\" src=\"https:\/\/www.frima.cat\/frima\/wp-content\/uploads\/2020\/11\/1-11.jpg\" height=\"382\" width=\"510\" alt=\"\" class=\"slider-1140 slide-1162 msDefaultImage\" title=\"1 (11)\" \/><\/li>\n            <\/ul>\n        <\/div>\n        \n    <\/div>\n<\/div>\n<\/div>\n\n\n\n<div class=\"wp-block-column is-layout-flow wp-block-column-is-layout-flow\" style=\"flex-basis:5.8%\"><\/div>\n<\/div>\n\n\n\n<div style=\"height:28px\" aria-hidden=\"true\" class=\"wp-block-spacer\"><\/div>\n\n\n\n<div class=\"wp-block-columns is-layout-flex wp-container-core-columns-is-layout-9d6595d7 wp-block-columns-is-layout-flex\">\n<div class=\"wp-block-column is-layout-flow wp-block-column-is-layout-flow\" style=\"flex-basis:3%\"><\/div>\n\n\n\n<div class=\"wp-block-column is-layout-flow wp-block-column-is-layout-flow\">\n<figure class=\"wp-block-image size-large is-resized is-style-default\"><img loading=\"lazy\" decoding=\"async\" src=\"https:\/\/www.frima.cat\/frima\/wp-content\/uploads\/2020\/11\/1-7.jpg\" alt=\"\" class=\"wp-image-1147\" width=\"487\" height=\"364\" srcset=\"https:\/\/www.frima.cat\/frima\/wp-content\/uploads\/2020\/11\/1-7.jpg 510w, https:\/\/www.frima.cat\/frima\/wp-content\/uploads\/2020\/11\/1-7-300x225.jpg 300w\" sizes=\"auto, (max-width: 487px) 100vw, 487px\" \/><\/figure>\n<\/div>\n\n\n\n<div class=\"wp-block-column is-layout-flow wp-block-column-is-layout-flow\">\n<div style=\"height:87px\" aria-hidden=\"true\" class=\"wp-block-spacer\"><\/div>\n\n\n\n<p><span style=\"color: #1f3e7c;\"><strong id=\"modo-de-trabajo-2\">Modo de trabajo<\/strong><\/span><\/p>\n<p><span style=\"color: #1f3e7c;\">Preparaci\u00f3n y limpieza de la totalidad de la superficie, con especial incidencia en las zonas que presenten formaciones vegetales.<\/span><br><span style=\"color: #1f3e7c;\">Rociado de la superficie con algicida, para evitar la posterior aparici\u00f3n de formaciones vegetales, en caso de ser necesario.<\/span><br><span style=\"color: #1f3e7c;\">Regularizaci\u00f3n de la superficie mediante mortero de cemento p\u00f3rtland aditivado con plastificante e impermeabilizante, en las zonas que se precise.<\/span><\/p>\n<\/div>\n\n\n\n<div class=\"wp-block-column is-layout-flow wp-block-column-is-layout-flow\" style=\"flex-basis:3%\"><\/div>\n<\/div>\n\n\n\n<div style=\"height:60px\" aria-hidden=\"true\" class=\"wp-block-spacer\"><\/div>\n\n\n\n<div class=\"wp-block-columns is-layout-flex wp-container-core-columns-is-layout-9d6595d7 wp-block-columns-is-layout-flex\">\n<div class=\"wp-block-column is-layout-flow wp-block-column-is-layout-flow\" style=\"flex-basis:3%\"><\/div>\n\n\n\n<div class=\"wp-block-column is-layout-flow wp-block-column-is-layout-flow\">\n<div style=\"height:51px\" aria-hidden=\"true\" class=\"wp-block-spacer\"><\/div>\n\n\n\n<div class=\"wp-block-group\"><div class=\"wp-block-group__inner-container is-layout-flow wp-block-group-is-layout-flow\">\n<p><span style=\"color: #1f3e7c;\">Limpieza de los desag\u00fces y tratamiento de refuerzo e impermeabilizaci\u00f3n mediante l\u00e1mina de caucho butilo.<\/span><\/p>\n<p><span style=\"color: #1f3e7c;\">Aplicaci\u00f3n de imprimaci\u00f3n a base de caucho acr\u00edlico diluido en un 20 % de agua.<\/span><br><span style=\"color: #1f3e7c;\">Instalaci\u00f3n de fibra-malla de vidrio MATT 200 en la totalidad de la cubierta incluyendo solapes.<\/span><\/p>\n<p><span style=\"color: #1f3e7c;\">Aplicaci\u00f3n de caucho acr\u00edlico REVIMCA en estado puro en sucesivas capas hasta conseguir un rendimiento de 3 kg\/m2. <\/span><span style=\"color: #1f3e7c;\">Terminaci\u00f3n con capa de sellador de pavimentos.<\/span><\/p>\n<p><span style=\"color: #1f3e7c;\">Suministro y colocaci\u00f3n de nuevas rejillas de acero galvanizado.<\/span><\/p>\n<\/div><\/div>\n<\/div>\n\n\n\n<div class=\"wp-block-column is-layout-flow wp-block-column-is-layout-flow\">\n<figure class=\"wp-block-image size-large is-resized is-style-default\"><img loading=\"lazy\" decoding=\"async\" src=\"https:\/\/www.frima.cat\/frima\/wp-content\/uploads\/2020\/11\/1-11.jpg\" alt=\"\" class=\"wp-image-1151\" width=\"471\" height=\"352\" srcset=\"https:\/\/www.frima.cat\/frima\/wp-content\/uploads\/2020\/11\/1-11.jpg 510w, https:\/\/www.frima.cat\/frima\/wp-content\/uploads\/2020\/11\/1-11-300x225.jpg 300w\" sizes=\"auto, (max-width: 471px) 100vw, 471px\" \/><\/figure>\n<\/div>\n\n\n\n<div class=\"wp-block-column is-layout-flow wp-block-column-is-layout-flow\" style=\"flex-basis:3%\"><\/div>\n<\/div>\n\n\n\n<div data-wp-interactive=\"core\/file\" class=\"wp-block-file\"><object data-wp-bind--hidden=\"!state.hasPdfPreview\" hidden class=\"wp-block-file__embed\" data=\"https:\/\/www.frima.cat\/frima\/wp-content\/uploads\/2023\/01\/Detalles-constructivos-CAUCHO-2023.pdf\" type=\"application\/pdf\" style=\"width:100%;height:600px\" aria-label=\"Incrustado de Detalles-constructivos-CAUCHO-2023.\"><\/object><a id=\"wp-block-file--media-83f8f2b1-6607-4267-bd27-c074b17121f0\" href=\"https:\/\/www.frima.cat\/frima\/wp-content\/uploads\/2023\/01\/Detalles-constructivos-CAUCHO-2023.pdf\">Detalles-constructivos-CAUCHO-2023<\/a><a href=\"https:\/\/www.frima.cat\/frima\/wp-content\/uploads\/2023\/01\/Detalles-constructivos-CAUCHO-2023.pdf\" class=\"wp-block-file__button wp-element-button\" download aria-describedby=\"wp-block-file--media-83f8f2b1-6607-4267-bd27-c074b17121f0\">Descarga<\/a><\/div>\n","protected":false},"excerpt":{"rendered":"<p>Impermeabilizaci\u00f3n ideal para cubiertas planas, sistema m\u00e1s econ\u00f3mico, SIN OBRAS y con garant\u00eda de 10 a\u00f1os.\u00a0<\/p>\n","protected":false},"author":2,"featured_media":2913,"parent":587,"menu_order":0,"comment_status":"closed","ping_status":"closed","template":"","meta":{"footnotes":""},"class_list":["post-552","page","type-page","status-publish","has-post-thumbnail","hentry"],"_links":{"self":[{"href":"https:\/\/www.frima.cat\/frima\/wp-json\/wp\/v2\/pages\/552","targetHints":{"allow":["GET"]}}],"collection":[{"href":"https:\/\/www.frima.cat\/frima\/wp-json\/wp\/v2\/pages"}],"about":[{"href":"https:\/\/www.frima.cat\/frima\/wp-json\/wp\/v2\/types\/page"}],"author":[{"embeddable":true,"href":"https:\/\/www.frima.cat\/frima\/wp-json\/wp\/v2\/users\/2"}],"replies":[{"embeddable":true,"href":"https:\/\/www.frima.cat\/frima\/wp-json\/wp\/v2\/comments?post=552"}],"version-history":[{"count":74,"href":"https:\/\/www.frima.cat\/frima\/wp-json\/wp\/v2\/pages\/552\/revisions"}],"predecessor-version":[{"id":4067,"href":"https:\/\/www.frima.cat\/frima\/wp-json\/wp\/v2\/pages\/552\/revisions\/4067"}],"up":[{"embeddable":true,"href":"https:\/\/www.frima.cat\/frima\/wp-json\/wp\/v2\/pages\/587"}],"wp:featuredmedia":[{"embeddable":true,"href":"https:\/\/www.frima.cat\/frima\/wp-json\/wp\/v2\/media\/2913"}],"wp:attachment":[{"href":"https:\/\/www.frima.cat\/frima\/wp-json\/wp\/v2\/media?parent=552"}],"curies":[{"name":"wp","href":"https:\/\/api.w.org\/{rel}","templated":true}]}}